{"id":672,"date":"2019-09-17T17:22:57","date_gmt":"2019-09-17T15:22:57","guid":{"rendered":"http:\/\/dgpp.de\/de\/?page_id=672"},"modified":"2019-09-17T17:57:53","modified_gmt":"2019-09-17T15:57:53","slug":"universelles-neugeborenen-hoersceening-unhs","status":"publish","type":"page","link":"https:\/\/dgpp.de\/de\/leitlinien-konsensus\/universelles-neugeborenen-hoersceening-unhs\/","title":{"rendered":"Universelles Neugeborenen-H\u00f6rsceening (UNHS)"},"content":{"rendered":"<p>Das Neugeborenen-H\u00f6rscreening f\u00fchrt nur in Verbindung mit einem konsequenten Nachverfolgen (Tracking) von kontrollbed\u00fcrftigen Kindern zu einer fr\u00fchen Diagnostik und Therapie und kann dadurch Folgesch\u00e4den vermeiden. Die Arbeitsgruppe Universelles Neugeborenen-H\u00f6rscreening (UNHS) der Deutschen Gesellschaft f\u00fcr Phoniatrie und P\u00e4daudiologie (DGPP) empfiehlt deshalb die bundesweite Verwendung einer einheitlichen Screening-ID, wie sie von der Firma PATH medical zur Verf\u00fcgung gestellt wird. Diese Screening-ID ist frei von personenbezogenen Daten und erm\u00f6glicht ein in der Praxis bew\u00e4hrtes und auch \u00fcber L\u00e4ndergrenzen hinaus wirksames Tracking. Die DGPP hat vertraglich vereinbart, dass im Fall einer Insolvenz der Firma PATH medical die Software des Zahlengenerators und die Nutzungsrechte an die DGPP fallen.<\/p>\n<!--h2 id=\"downloadcat-5\">UNHS<\/h2--><div class=\"staff-member\"><img src=\"http:\/\/dgpp.de\/de\/wp-content\/plugins\/wp-downloadmanager\/images\/ext\/pdf.gif\" alt=\"\" title=\"\" style=\"vertical-align: middle;\" \/>&nbsp;&nbsp;<a href=\"https:\/\/dgpp.de\/de\/download\/14\/\">Konsensus UNHS und Follow up in Deutschland<\/a><br>\r\nVersion 2.1 (Stand 20.09.2011) - <em>75,6 KiB - 8.317 Aufrufe<\/em><\/div><div class=\"staff-member\"><img src=\"http:\/\/dgpp.de\/de\/wp-content\/plugins\/wp-downloadmanager\/images\/ext\/pdf.gif\" alt=\"\" title=\"\" style=\"vertical-align: middle;\" \/>&nbsp;&nbsp;<a href=\"https:\/\/dgpp.de\/de\/download\/15\/\">Europ\u00e4ischer Konsensus zum Neugeborenen-H\u00f6rscreening<\/a><br>\r\nStand 05\/1998 - <em>10,1 KiB - 8.779 Aufrufe<\/em><\/div>\n<a style=\"display:block; margin: 4em 0 0 0\" href=\"http:\/\/dgpp.de\/de\/leitlinien-konsensus\/\">&#171; Zur\u00fcck zu den Leitlinien...<\/a>\n","protected":false},"excerpt":{"rendered":"<p>Das Neugeborenen-H\u00f6rscreening f\u00fchrt nur in Verbindung mit einem konsequenten Nachverfolgen (Tracking) von kontrollbed\u00fcrftigen Kindern zu einer fr\u00fchen Diagnostik und Therapie und kann dadurch Folgesch\u00e4den vermeiden. Die Arbeitsgruppe Universelles Neugeborenen-H\u00f6rscreening (UNHS) der Deutschen Gesellschaft f\u00fcr Phoniatrie und P\u00e4daudiologie (DGPP) empfiehlt deshalb die bundesweite Verwendung einer einheitlichen Screening-ID, wie sie von der Firma PATH medical zur Verf\u00fcgung <a href=\"https:\/\/dgpp.de\/de\/leitlinien-konsensus\/universelles-neugeborenen-hoersceening-unhs\/\" class=\"more-link\"> &#8230; weiterlesen<\/a><\/p>\n","protected":false},"author":1,"featured_media":0,"parent":262,"menu_order":0,"comment_status":"closed","ping_status":"closed","template":"","meta":{"_links_to":"","_links_to_target":""},"_links":{"self":[{"href":"https:\/\/dgpp.de\/de\/wp-json\/wp\/v2\/pages\/672"}],"collection":[{"href":"https:\/\/dgpp.de\/de\/wp-json\/wp\/v2\/pages"}],"about":[{"href":"https:\/\/dgpp.de\/de\/wp-json\/wp\/v2\/types\/page"}],"author":[{"embeddable":true,"href":"https:\/\/dgpp.de\/de\/wp-json\/wp\/v2\/users\/1"}],"replies":[{"embeddable":true,"href":"https:\/\/dgpp.de\/de\/wp-json\/wp\/v2\/comments?post=672"}],"version-history":[{"count":0,"href":"https:\/\/dgpp.de\/de\/wp-json\/wp\/v2\/pages\/672\/revisions"}],"up":[{"embeddable":true,"href":"https:\/\/dgpp.de\/de\/wp-json\/wp\/v2\/pages\/262"}],"wp:attachment":[{"href":"https:\/\/dgpp.de\/de\/wp-json\/wp\/v2\/media?parent=672"}],"curies":[{"name":"wp","href":"https:\/\/api.w.org\/{rel}","templated":true}]}}