{"id":670,"date":"2019-09-17T17:22:10","date_gmt":"2019-09-17T15:22:10","guid":{"rendered":"http:\/\/dgpp.de\/de\/?page_id=670"},"modified":"2023-04-06T22:04:41","modified_gmt":"2023-04-06T20:04:41","slug":"periphere-hoerstoerungen","status":"publish","type":"page","link":"https:\/\/dgpp.de\/de\/leitlinien-konsensus\/periphere-hoerstoerungen\/","title":{"rendered":"Periphere H\u00f6rst\u00f6rungen"},"content":{"rendered":"<!--h2 id=\"downloadcat-4\">Periph\u00e4re H\u00f6rst\u00f6rungen<\/h2--><div class=\"staff-member\"><img src=\"http:\/\/dgpp.de\/de\/wp-content\/plugins\/wp-downloadmanager\/images\/ext\/pdf.gif\" alt=\"\" title=\"\" style=\"vertical-align: middle;\" \/>&nbsp;&nbsp;<a href=\"https:\/\/dgpp.de\/de\/download\/35\/\">Konsensuspapier \"Umfangsbestimmung von Zusatztechnik einer drahtlosen \u00dcbertragungsanlage (DA\u00dc)\"<\/a><br>\r\nStand 01\/2022 - <em>278,9 KiB - 4.006 Aufrufe<\/em><\/div><div class=\"staff-member\"><img src=\"http:\/\/dgpp.de\/de\/wp-content\/plugins\/wp-downloadmanager\/images\/ext\/pdf.gif\" alt=\"\" title=\"\" style=\"vertical-align: middle;\" \/>&nbsp;&nbsp;<a href=\"https:\/\/dgpp.de\/de\/download\/9\/\">Konsensuspapier \"H\u00f6rger\u00e4teversorgung bei Kindern\"<\/a><br>\r\nStand 11\/2019 - <em>912,4 KiB - 7.083 Aufrufe<\/em><\/div><div class=\"staff-member\"><img src=\"http:\/\/dgpp.de\/de\/wp-content\/plugins\/wp-downloadmanager\/images\/ext\/pdf.gif\" alt=\"\" title=\"\" style=\"vertical-align: middle;\" \/>&nbsp;&nbsp;<a href=\"https:\/\/dgpp.de\/de\/download\/49\/\">S2k-Leitlinie \"Implantierbare H\u00f6rger\u00e4te\"<\/a><br>\r\nStand 12\/2017 - <em>869,5 KiB - 5.349 Aufrufe<\/em><\/div>\n<a style=\"display:block; margin: 4em 0 0 0\" href=\"http:\/\/dgpp.de\/de\/leitlinien-konsensus\/\">&#171; Zur\u00fcck zu den Leitlinien...<\/a>\n","protected":false},"excerpt":{"rendered":"<p> <a href=\"https:\/\/dgpp.de\/de\/leitlinien-konsensus\/periphere-hoerstoerungen\/\" class=\"more-link\"> &#8230; weiterlesen<\/a><\/p>\n","protected":false},"author":1,"featured_media":0,"parent":262,"menu_order":0,"comment_status":"closed","ping_status":"closed","template":"","meta":{"_links_to":"","_links_to_target":""},"_links":{"self":[{"href":"https:\/\/dgpp.de\/de\/wp-json\/wp\/v2\/pages\/670"}],"collection":[{"href":"https:\/\/dgpp.de\/de\/wp-json\/wp\/v2\/pages"}],"about":[{"href":"https:\/\/dgpp.de\/de\/wp-json\/wp\/v2\/types\/page"}],"author":[{"embeddable":true,"href":"https:\/\/dgpp.de\/de\/wp-json\/wp\/v2\/users\/1"}],"replies":[{"embeddable":true,"href":"https:\/\/dgpp.de\/de\/wp-json\/wp\/v2\/comments?post=670"}],"version-history":[{"count":1,"href":"https:\/\/dgpp.de\/de\/wp-json\/wp\/v2\/pages\/670\/revisions"}],"predecessor-version":[{"id":2238,"href":"https:\/\/dgpp.de\/de\/wp-json\/wp\/v2\/pages\/670\/revisions\/2238"}],"up":[{"embeddable":true,"href":"https:\/\/dgpp.de\/de\/wp-json\/wp\/v2\/pages\/262"}],"wp:attachment":[{"href":"https:\/\/dgpp.de\/de\/wp-json\/wp\/v2\/media?parent=670"}],"curies":[{"name":"wp","href":"https:\/\/api.w.org\/{rel}","templated":true}]}}