{"id":523,"date":"2019-09-11T01:04:47","date_gmt":"2019-09-10T23:04:47","guid":{"rendered":"http:\/\/dgpp.de\/de\/?page_id=523"},"modified":"2020-03-19T14:49:30","modified_gmt":"2020-03-19T13:49:30","slug":"rehder-posterpreis-der-dgpp","status":"publish","type":"page","link":"https:\/\/dgpp.de\/de\/preise-und-auszeichnungen\/rehder-posterpreis-der-dgpp\/","title":{"rendered":"Rehder-Posterpreis der DGPP"},"content":{"rendered":"<p>Die Fa. rehder &#038; partner in Hamburg entwickelt und vertreibt moderne Visualisierungstechnik f\u00fcr die Medizin. F\u00fcr das beste Poster der DGPP-Jahrestagung hatte rehder &#038; partner den mit 250 \u20ac dotierten Rehder-Poster-Preis ausgelobt, der nicht an ein spezielles Thema gebunden war. Es wurden ausschlie\u00dflich Beitr\u00e4ge in Betracht gezogen, die aktuell auf der Jahrestagung gezeigt wurden und deren Erstautor bei der Begehung Rede und Antwort stand.<\/p>\n<p>Voraussetzungen: Bewerbungen waren mit der elektronischen Poster-Anmeldung zur jeweiligen Jahrestagung im Anmeldeformular zu kennzeichnen. Der Kandidat durfte selbst KEINE leitende Position innehaben.<\/p>\n<p>Bewertungskriterien waren Originalit\u00e4t, Methodik, Ergebnisse, Diskussion, Stil, und grafische Gestaltung. Ein dreik\u00f6pfiges Bewertungsgremium beging die Posterausstellung und unterbreitete dem DGPP-Vorstand seinen Vorschlag zur endg\u00fcltigen Entscheidung. F\u00fcr Kontinuit\u00e4t im Bewertungsprozess sorgte der Vorsitzende des Gremiums. Wie alle anderen Preise wurde der Rehder-Poster-Preis w\u00e4hrend der Festsitzung der DGPP verliehen.<\/p>\n<h2>Laureaten des Rehder-Posterpreises (2002-2018)<\/h2>\n<table class=\"dgpp_addr\">\n<tr>\n<th>Jahr<\/th>\n<th>Laureaten<\/th>\n<\/tr>\n<tr>\n<td>2018<\/td>\n<td>Kirsten Oberl\u00e4nder, Bochum<\/td>\n<\/tr>\n<tr>\n<td>2017<\/td>\n<td>Dipl.-Psych. Peter Matulat, M\u00fcnster<\/td>\n<\/tr>\n<tr>\n<td>2016<\/td>\n<td>Theresa Finkl, MSc, Dresden<\/td>\n<\/tr>\n<tr>\n<td>2015<\/td>\n<td>Anne Erler, Dresden<\/td>\n<\/tr>\n<tr>\n<td>2014<\/td>\n<td>Dr. med. Stephan D\u00fcrr, Erlangen<\/td>\n<\/tr>\n<tr>\n<td>2013<\/td>\n<td>Conrad Seidel, MSc, Aachen<\/td>\n<\/tr>\n<tr>\n<td>2012<\/td>\n<td>Niki Vavatzanidis, MSc, Dresden<\/td>\n<\/tr>\n<tr>\n<td>2011<\/td>\n<td>Dipl.-Psych. Susanna Auberlen, G\u00f6ttingen<\/td>\n<\/tr>\n<tr>\n<td>2010<\/td>\n<td>Niki Vavatzanidis, MSc, Dresden<\/td>\n<\/tr>\n<tr>\n<td>2009<\/td>\n<td>Dr. med. Anke Tropitzsch, T\u00fcbingen<\/td>\n<\/tr>\n<tr>\n<td>2008<\/td>\n<td>Dipl.-Math. Anxiong Yang, Erlangen<\/td>\n<\/tr>\n<tr>\n<td>2007<\/td>\n<td>cand.med. Johannes Havla, Erlangen<\/td>\n<\/tr>\n<tr>\n<td>2006<\/td>\n<td>Dr.-Ing. J\u00f6rg Lohscheller, Erlangen<\/td>\n<\/tr>\n<tr>\n<td>2005<\/td>\n<td>cand.med. Anja Elgeti, M\u00fcnster<\/td>\n<\/tr>\n<tr>\n<td>2004<\/td>\n<td>Dipl.-Psych. Marcus Reeh, G\u00f6ttingen<\/td>\n<\/tr>\n<tr>\n<td>2004<\/td>\n<td>Prof. Dr. rer. nat. Christiane Kiese-Himmel, G\u00f6ttingen<\/td>\n<\/tr>\n<tr>\n<td>2003<\/td>\n<td>nicht vergeben<\/td>\n<\/tr>\n<tr>\n<td>2002<\/td>\n<td>cand.med. Oliver Rasp, Erlangen<\/td>\n<\/tr>\n<\/table>\n","protected":false},"excerpt":{"rendered":"<p>Die Fa. rehder &#038; partner in Hamburg entwickelt und vertreibt moderne Visualisierungstechnik f\u00fcr die Medizin. F\u00fcr das beste Poster der DGPP-Jahrestagung hatte rehder &#038; partner den mit 250 \u20ac dotierten Rehder-Poster-Preis ausgelobt, der nicht an ein spezielles Thema gebunden war. Es wurden ausschlie\u00dflich Beitr\u00e4ge in Betracht gezogen, die aktuell auf der Jahrestagung gezeigt wurden und <a href=\"https:\/\/dgpp.de\/de\/preise-und-auszeichnungen\/rehder-posterpreis-der-dgpp\/\" class=\"more-link\"> &#8230; weiterlesen<\/a><\/p>\n","protected":false},"author":1,"featured_media":0,"parent":350,"menu_order":0,"comment_status":"closed","ping_status":"closed","template":"","meta":{"_links_to":"","_links_to_target":""},"_links":{"self":[{"href":"https:\/\/dgpp.de\/de\/wp-json\/wp\/v2\/pages\/523"}],"collection":[{"href":"https:\/\/dgpp.de\/de\/wp-json\/wp\/v2\/pages"}],"about":[{"href":"https:\/\/dgpp.de\/de\/wp-json\/wp\/v2\/types\/page"}],"author":[{"embeddable":true,"href":"https:\/\/dgpp.de\/de\/wp-json\/wp\/v2\/users\/1"}],"replies":[{"embeddable":true,"href":"https:\/\/dgpp.de\/de\/wp-json\/wp\/v2\/comments?post=523"}],"version-history":[{"count":5,"href":"https:\/\/dgpp.de\/de\/wp-json\/wp\/v2\/pages\/523\/revisions"}],"predecessor-version":[{"id":1043,"href":"https:\/\/dgpp.de\/de\/wp-json\/wp\/v2\/pages\/523\/revisions\/1043"}],"up":[{"embeddable":true,"href":"https:\/\/dgpp.de\/de\/wp-json\/wp\/v2\/pages\/350"}],"wp:attachment":[{"href":"https:\/\/dgpp.de\/de\/wp-json\/wp\/v2\/media?parent=523"}],"curies":[{"name":"wp","href":"https:\/\/api.w.org\/{rel}","templated":true}]}}