{"id":521,"date":"2019-09-11T00:33:18","date_gmt":"2019-09-10T22:33:18","guid":{"rendered":"http:\/\/dgpp.de\/de\/?page_id=521"},"modified":"2025-10-21T16:00:30","modified_gmt":"2025-10-21T14:00:30","slug":"promotionspreis-der-kind-hoerstiftung","status":"publish","type":"page","link":"https:\/\/dgpp.de\/de\/preise-und-auszeichnungen\/promotionspreis-der-kind-hoerstiftung\/","title":{"rendered":"Promotionspreis der KIND H\u00f6rstiftung"},"content":{"rendered":"<p>Firma KIND H\u00f6rger\u00e4te, Gro\u00dfburgwedel, stellt H\u00f6rger\u00e4te her und vertreibt sie in einer deutschlandweiten Organisation, die sich inzwischen europaweit und dar\u00fcber hinaus ausbreitet. F\u00fcr die beste Dissertation im Fach der Phoniatrie und P\u00e4daudiologie hat Fa. KIND seit 2002 einen Preis von 1500 \u20ac ausgelobt, der nicht an eine engere Themenstellung gebunden ist. Seit 2018 wird der Preis von der KIND H\u00f6rstiftung ausgelobt. Der Preis wird j\u00e4hrlich von der DGPP vergeben.<br \/>\nVoraussetzungen: Selbst- oder Fremdbewerbung ist m\u00f6glich, vorschlagsberechtigt sind alle DGPP-Mitglieder und alle Hochschullehrer. Der Kandidat darf selbst KEINE leitende Position innehaben. Neben einer W\u00fcrdigung der Person muss die Promotionsurkunde und die Dissertation vorgelegt werden, die bereits in einer Zeitschrift mit Begutachtungsverfahren angenommen oder erschienen ist. Ausnahmsweise ist auch die Einreichung der Promotionsschrift als Monographie m\u00f6glich. Die Promotion muss im Jahr der Bewerbung oder im Vorjahr abgeschlossen worden sein.<\/p>\n<p>Bewerbung: Bewerbung bzw. Vorschlag sind samt Unterlagen beim Pr\u00e4sidenten der DGPP in digitaler Form (als .pdf-Datei via E-Mail-Anhang) bis zum 15. Juli eines jeden Jahres einzureichen. Der Vorschlag wird von einem Gremium der DGPP gepr\u00fcft. Die Fa. KIND hat auf ein Mitspracherecht bei der Preisvergabe verzichtet. Der Preis wird auf der wissenschaftlichen Jahrestagung der DGPP im September desselben Jahres verliehen.<\/p>\n<h2>Laureaten<\/h2>\n<table class=\"dgpp_addr\">\n<tbody>\n<tr>\n<th>Jahr<\/th>\n<th>Laureaten<\/th>\n<\/tr>\n<tr>\n<td>2025<\/td>\n<td>Dr.-Ing. Bo\u011fa\u00e7 Tur, Erlangen<\/td>\n<\/tr>\n<tr>\n<td>2024<\/td>\n<td>Lina Abed Ibrahim, Bremen<\/td>\n<\/tr>\n<tr>\n<td>2023<\/td>\n<td>Dr. Max G\u00f6rg, M\u00fcnster<\/td>\n<\/tr>\n<tr>\n<td>2022<\/td>\n<td>Dr. Sebastian Falk, Erlangen<\/td>\n<\/tr>\n<tr>\n<td>2021<\/td>\n<td>Dr. med. dent. Frederik Joshua Meisoll, Hannover<\/td>\n<\/tr>\n<tr>\n<td>2020<\/td>\n<td>Dr. med. Ann-Sophie M\u00fcller, Dresden<\/td>\n<\/tr>\n<tr>\n<td>2019<\/td>\n<td>Dr. med. Lina Charlotte Hedemann, Mainz<br \/>Dr.-Ing. Marion Semmler, Erlangen<\/td>\n<\/tr>\n<tr>\n<td>2018<\/td>\n<td>Dr. Ing. Steven C. Marcrum, Regensburg<\/td>\n<\/tr>\n<tr>\n<td>2017<\/td>\n<td>Dr. med. Renate Mauersberger, D\u00fcsseldorf<\/td>\n<\/tr>\n<tr>\n<td>2016<\/td>\n<td>Dr. med. Lisa Bruns, Dresden<\/td>\n<\/tr>\n<tr>\n<td>2015<\/td>\n<td>Dr. med. Alexander Janhsen, Hannover<\/td>\n<\/tr>\n<tr>\n<td>2014<\/td>\n<td>Dr.-Ing. Bj\u00f6rn H\u00fcttner, Erlangen<br \/>Dr. med. Anne Lorenz, Greifswald<\/td>\n<\/tr>\n<tr>\n<td>2013<\/td>\n<td>Dr. med. Christoph Deppe, M\u00fcnchen<br \/>Dr. med. Laura M\u00fchlenberg, Bonn<br \/>Dr. med. Nicola Zimmermann, Frankfurt (Main)<\/td>\n<\/tr>\n<tr>\n<td>2012<\/td>\n<td>Dr. med. Nora M. Martienssen, Berlin<\/td>\n<\/tr>\n<tr>\n<td>2011<\/td>\n<td>Dr. rer. medic. Anja Fiori, M\u00fcnster<br \/>Dr. med. dent. Maximilian Thumm, Erlangen<\/td>\n<\/tr>\n<tr>\n<td>2010<\/td>\n<td>Dr. med. dent. Ulrich Merkel, Hannover<\/td>\n<\/tr>\n<tr>\n<td>2009<\/td>\n<td>Dr. med. Lars Riedemann, M\u00fcnster<\/td>\n<\/tr>\n<tr>\n<td>2008<\/td>\n<td>Dr. med. Ken Ro\u00dflau, M\u00fcnster<\/td>\n<\/tr>\n<tr>\n<td>2007<\/td>\n<td>Dr. med. Nora D\u00f6rrie, Mainz<br \/>Dr. med. Robert Meisen, Hannover<\/td>\n<\/tr>\n<tr>\n<td>2006<\/td>\n<td>Dr. med. Esther Starzacher, Berlin<\/td>\n<\/tr>\n<tr>\n<td>2005<\/td>\n<td>Dr. med. Friederike Roers, Dresden<\/td>\n<\/tr>\n<tr>\n<td>2004<\/td>\n<td>Dr. med. Daniel Quandt, Berlin<\/td>\n<\/tr>\n<tr>\n<td>2003<\/td>\n<td>Dr.-Ing. Malte Kob, Aachen<\/td>\n<\/tr>\n<tr>\n<td>2002<\/td>\n<td>Dr. med. Kristina Kr\u00fcger, Hannover<\/td>\n<\/tr>\n<\/tbody>\n<\/table>\n","protected":false},"excerpt":{"rendered":"<p>Firma KIND H\u00f6rger\u00e4te, Gro\u00dfburgwedel, stellt H\u00f6rger\u00e4te her und vertreibt sie in einer deutschlandweiten Organisation, die sich inzwischen europaweit und dar\u00fcber hinaus ausbreitet. F\u00fcr die beste Dissertation im Fach der Phoniatrie und P\u00e4daudiologie hat Fa. KIND seit 2002 einen Preis von 1500 \u20ac ausgelobt, der nicht an eine engere Themenstellung gebunden ist. Seit 2018 wird der <a href=\"https:\/\/dgpp.de\/de\/preise-und-auszeichnungen\/promotionspreis-der-kind-hoerstiftung\/\" class=\"more-link\"> &#8230; weiterlesen<\/a><\/p>\n","protected":false},"author":1,"featured_media":0,"parent":350,"menu_order":0,"comment_status":"closed","ping_status":"closed","template":"","meta":{"_links_to":"","_links_to_target":""},"_links":{"self":[{"href":"https:\/\/dgpp.de\/de\/wp-json\/wp\/v2\/pages\/521"}],"collection":[{"href":"https:\/\/dgpp.de\/de\/wp-json\/wp\/v2\/pages"}],"about":[{"href":"https:\/\/dgpp.de\/de\/wp-json\/wp\/v2\/types\/page"}],"author":[{"embeddable":true,"href":"https:\/\/dgpp.de\/de\/wp-json\/wp\/v2\/users\/1"}],"replies":[{"embeddable":true,"href":"https:\/\/dgpp.de\/de\/wp-json\/wp\/v2\/comments?post=521"}],"version-history":[{"count":17,"href":"https:\/\/dgpp.de\/de\/wp-json\/wp\/v2\/pages\/521\/revisions"}],"predecessor-version":[{"id":2877,"href":"https:\/\/dgpp.de\/de\/wp-json\/wp\/v2\/pages\/521\/revisions\/2877"}],"up":[{"embeddable":true,"href":"https:\/\/dgpp.de\/de\/wp-json\/wp\/v2\/pages\/350"}],"wp:attachment":[{"href":"https:\/\/dgpp.de\/de\/wp-json\/wp\/v2\/media?parent=521"}],"curies":[{"name":"wp","href":"https:\/\/api.w.org\/{rel}","templated":true}]}}