{"id":519,"date":"2019-09-11T00:27:00","date_gmt":"2019-09-10T22:27:00","guid":{"rendered":"http:\/\/dgpp.de\/de\/?page_id=519"},"modified":"2024-09-26T13:54:36","modified_gmt":"2024-09-26T11:54:36","slug":"gerhard-kittel-medaille-zur-foerderung-des-wissenschaftlichen-nachwuchses","status":"publish","type":"page","link":"https:\/\/dgpp.de\/de\/preise-und-auszeichnungen\/gerhard-kittel-medaille-zur-foerderung-des-wissenschaftlichen-nachwuchses\/","title":{"rendered":"Gerhard-Kittel-Medaille zur F\u00f6rderung des wissenschaftlichen Nachwuchses"},"content":{"rendered":"<p><img decoding=\"async\" src=\"http:\/\/dgpp.de\/de\/wp-content\/uploads\/2019\/09\/KittelMedalOnlyTransparent.png\" class=\"imgright\" \/>Gerhard Kittel (1925-2011) hat \u00fcber 30 Jahre die deutsche und europ\u00e4ische Phoniatrie mit entwickelt und ma\u00dfgeblich gepr\u00e4gt. Er war einer der Mitbegr\u00fcnder der UEP (1974) und hat 1983 die DGPP gegr\u00fcndet, als deren erster Pr\u00e4sident er 1983-1989 wirkte. Er hat eine Medaille gestiftet, die mit 1000 \u20ac dotiert ist und in zweij\u00e4hrigem Turnus von der DGPP vergeben werden kann. Die Medaille wird Nachwuchs-Wissenschaftlern verliehen, die \u00fcber mehrere Jahre hinweg die Entwicklung des Faches wesentlich gef\u00f6rdert haben.<br \/>\nVoraussetzungen: Selbstbewerbung ist nicht m\u00f6glich. Vorschlagsberechtigt sind alle DGPP-Mitglieder, daneben alle Hochschullehrer. Der Kandidat muss promoviert sein und darf selbst KEINE leitende Position innehaben. Neben einer W\u00fcrdigung der Person m\u00fcssen mind. 3 wissenschaftliche Arbeiten vorgelegt werden, die in Zeitschriften mit Begutachtungsverfahren angenommen oder bereits erschienen sind. Die Arbeiten sollen nicht \u00e4lter sein als 5 Jahre und systematisch einen gr\u00f6\u00dferen, zusammenh\u00e4ngenden Themenkomplex bearbeiten, der wesentlich zur wissenschaftlichen Fortentwicklung der Phoniatrie und P\u00e4daudiologie beigetragen hat.<\/p>\n<p>Bewerbung: Vorschlag und Unterlagen nimmt der Pr\u00e4sident der DGPP in digitaler Form (als .pdf-Datei via E-Mail-Anhang) bis zum 15. Juli eines jeden Jahres mit gerader Jahreszahl entgegen. Der Vorschlag wird von einem Gremium gepr\u00fcft. Der Stifter hat ausdr\u00fccklich auf ein Mitspracherecht bei der Vergabe verzichtet. Die Medaille wird auf der wissenschaftlichen Jahrestagung der DGPP im September desselben Jahres verliehen.<\/p>\n<h2>Laureaten<\/h2>\n<table class=\"dgpp_addr\">\n<tr>\n<th>Jahr<\/th>\n<th>Laureaten<\/th>\n<\/tr>\n<tr>\n<td>2024<\/td>\n<td>Dr. Eugen Zaretsky, Marburg<\/td>\n<\/tr>\n<tr>\n<td>2021<\/td>\n<td>Prof. Dr. med. Philipp P. Caffier, Berlin<\/td>\n<\/tr>\n<tr>\n<td>2018<\/td>\n<td>Priv.-Doz. Dr. med. Michael Jungheim, Hannover<\/td>\n<\/tr>\n<tr>\n<td>2016<\/td>\n<td>Dr. med. Dirk Deuster, M\u00fcnster<\/td>\n<\/tr>\n<tr>\n<td>2014<\/td>\n<td>Priv.-Doz. Dr. med. Christiane Hey, Frankfurt\/Main<\/td>\n<\/tr>\n<tr>\n<td>2012<\/td>\n<td>Priv.-Doz. Dr. med. Rudolf Reiter, Ulm<\/td>\n<\/tr>\n<tr>\n<td>2010<\/td>\n<td>Priv.-Doz. Dr. med. Matthias Echternach, Freiburg<\/td>\n<\/tr>\n<tr>\n<td>2008<\/td>\n<td>Dr. med. Michael Fuchs, Leipzig<\/td>\n<\/tr>\n<tr>\n<td>2006<\/td>\n<td>Prof. Dr. med. Frank Rosanowski, Erlangen<\/td>\n<\/tr>\n<tr>\n<td>2004<\/td>\n<td>Dr. med. Arno Olthoff, G\u00f6ttingen<\/td>\n<\/tr>\n<\/table>\n","protected":false},"excerpt":{"rendered":"<p>Gerhard Kittel (1925-2011) hat \u00fcber 30 Jahre die deutsche und europ\u00e4ische Phoniatrie mit entwickelt und ma\u00dfgeblich gepr\u00e4gt. Er war einer der Mitbegr\u00fcnder der UEP (1974) und hat 1983 die DGPP gegr\u00fcndet, als deren erster Pr\u00e4sident er 1983-1989 wirkte. Er hat eine Medaille gestiftet, die mit 1000 \u20ac dotiert ist und in zweij\u00e4hrigem Turnus von der <a href=\"https:\/\/dgpp.de\/de\/preise-und-auszeichnungen\/gerhard-kittel-medaille-zur-foerderung-des-wissenschaftlichen-nachwuchses\/\" class=\"more-link\"> &#8230; weiterlesen<\/a><\/p>\n","protected":false},"author":1,"featured_media":0,"parent":350,"menu_order":0,"comment_status":"closed","ping_status":"closed","template":"","meta":{"_links_to":"","_links_to_target":""},"_links":{"self":[{"href":"https:\/\/dgpp.de\/de\/wp-json\/wp\/v2\/pages\/519"}],"collection":[{"href":"https:\/\/dgpp.de\/de\/wp-json\/wp\/v2\/pages"}],"about":[{"href":"https:\/\/dgpp.de\/de\/wp-json\/wp\/v2\/types\/page"}],"author":[{"embeddable":true,"href":"https:\/\/dgpp.de\/de\/wp-json\/wp\/v2\/users\/1"}],"replies":[{"embeddable":true,"href":"https:\/\/dgpp.de\/de\/wp-json\/wp\/v2\/comments?post=519"}],"version-history":[{"count":3,"href":"https:\/\/dgpp.de\/de\/wp-json\/wp\/v2\/pages\/519\/revisions"}],"predecessor-version":[{"id":2665,"href":"https:\/\/dgpp.de\/de\/wp-json\/wp\/v2\/pages\/519\/revisions\/2665"}],"up":[{"embeddable":true,"href":"https:\/\/dgpp.de\/de\/wp-json\/wp\/v2\/pages\/350"}],"wp:attachment":[{"href":"https:\/\/dgpp.de\/de\/wp-json\/wp\/v2\/media?parent=519"}],"curies":[{"name":"wp","href":"https:\/\/api.w.org\/{rel}","templated":true}]}}