{"id":517,"date":"2019-09-11T00:23:03","date_gmt":"2019-09-10T22:23:03","guid":{"rendered":"http:\/\/dgpp.de\/de\/?page_id=517"},"modified":"2025-10-21T16:01:24","modified_gmt":"2025-10-21T14:01:24","slug":"karl-storz-preis-fuer-lehre-in-der-phoniatrie-und-paedaudiologie","status":"publish","type":"page","link":"https:\/\/dgpp.de\/de\/preise-und-auszeichnungen\/karl-storz-preis-fuer-lehre-in-der-phoniatrie-und-paedaudiologie\/","title":{"rendered":"Karl-Storz-Preis f\u00fcr Lehre in der Phoniatrie und P\u00e4daudiologie"},"content":{"rendered":"<p>KARL STORZ GmbH &#038;Co KG ist ein global pr\u00e4senter Hersteller f\u00fcr medizinische Pr\u00e4zisionsinstrumente mit Sitz in Tuttlingen. Ihre Produktpalette umfasst starre und flexible Endoskope und Instrumente f\u00fcr das gesamte Spektrum der Humanmedizin. Der Firmengr\u00fcnder Dr.med.h.c.mult. Karl Storz hat sich mit hohem pers\u00f6nlichem Engagement seit den 1950er Jahren f\u00fcr die \u00e4rztliche Aus-, Fort- und Weiterbildung eingesetzt. Zu seinem Angedenken hat die KARL STORZ GmbH &#038; Co KG einen Preis von 250 \u20ac f\u00fcr akademische Lehre ausgesetzt, der den Namen des Firmengr\u00fcnders tr\u00e4gt und von der DGPP j\u00e4hrlich vergeben wird.<br \/>\nVoraussetzungen: Der Karl-Storz-Preis ist auf akademische Lehre in der Phoniatrie beschr\u00e4nkt, betrifft also ausschlie\u00dflich studentischen Unterricht, nicht \u00e4rztliche Fort- oder Weiterbildung. Die Konzepte einzelner Universit\u00e4tsklinika sollen sich dem Wettbewerb stellen und ggf. synergistisch genutzt werden.<\/p>\n<p>Bewerbung: Eine Selbstbewerbung ist ebenso m\u00f6glich wie ein Fremdvorschlag. Erbeten werden Unterrichtskonzepte mit Evaluation, die Teilgebiete der Phoniatrie und P\u00e4daudiologie in der Ausbildung der Medizinstudenten betreffen. Noch in der Planung befindliche Konzepte sind nicht preisf\u00e4hig. Die Unterlagen sind beim Pr\u00e4sidenten der DGPP in digitaler Form (als .pdf-Datei via E-Mail-Anhang) bis zum 15. Juli eines jeden Jahres einzureichen. Der Vorschlag wird von einem Gremium der DGPP gepr\u00fcft. Kriterien sind erkennbares Engagement und Kreativit\u00e4t in der Lehre, Innovation und gute studentische Kritik.<\/p>\n<p>Ausgezeichnet werden klinische Abteilungen oder Einzelpersonen, die sich in hervorragender Weise f\u00fcr die Lehre engagieren. F\u00fcr die Abteilung nimmt der Abteilungsleiter oder ein promovierter Leistungstr\u00e4ger der akademischen Lehre den Preis auf der wissenschaftlichen Jahrestagung der DGPP im September desselben Jahres entgegen.<\/p>\n<h2>Laureaten<\/h2>\n<table class=\"dgpp_addr\">\n<tr>\n<th>Jahr<\/th>\n<th>Laureaten<\/th>\n<\/tr>\n<tr>\n<td>2025<\/td>\n<td>Dr. Jana-Christiane Koseki, Hamburg<\/td>\n<\/tr>\n<tr>\n<td>2024<\/td>\n<td>Prof. Dr. med. Philipp P. Caffier, Berlin<\/td>\n<\/tr>\n<tr>\n<td>2023<\/td>\n<td>nicht vergeben<\/td>\n<\/tr>\n<tr>\n<td>2022<\/td>\n<td>Deutschsprachige Gesellschaft f\u00fcr Sprach- und Stimmheilkunde e.V. (DGSS)<\/td>\n<\/tr>\n<tr>\n<td>2021<\/td>\n<td>Dr. med. Almut Nie\u00dfen, Hamburg<\/td>\n<\/tr>\n<tr>\n<td>2020<\/td>\n<td>nicht vergeben<\/td>\n<\/tr>\n<tr>\n<td>2019<\/td>\n<td>Prof. Dr. med. Martin Ptok, Hannover<\/td>\n<\/tr>\n<tr>\n<td>2018<\/td>\n<td>Priv.-Doz. Dr. med. Philipp P. Caffier, Berlin<\/td>\n<\/tr>\n<tr>\n<td>2017<\/td>\n<td>nicht vergeben<\/td>\n<\/tr>\n<tr>\n<td>2016<\/td>\n<td>Dr. med. Bernhard Lehnert, Greifswald<\/td>\n<\/tr>\n<tr>\n<td>2015<\/td>\n<td>Prof. Dr. med. Dirk M\u00fcrbe, Dresden<\/td>\n<\/tr>\n<tr>\n<td>2014<\/td>\n<td>Prof. Dr. med. Annerose Keilmann, Mainz<\/td>\n<\/tr>\n<tr>\n<td>2013<\/td>\n<td>Priv.-Doz. Dr. med. Philipp P. Caffier, Berlin<br \/>Prof. Dr. med. Manfred Gross, Berlin<\/td>\n<\/tr>\n<tr>\n<td>2012<\/td>\n<td>Dr. med. Saskia Rohrbach-Volland, Berlin<br \/>Prof. Dr. med. Manfred Gross, Berlin<\/td>\n<\/tr>\n<tr>\n<td>2011<\/td>\n<td>Dr. med. Alexios Martin, Berlin<\/td>\n<\/tr>\n<tr>\n<td>2010<\/td>\n<td>Prof. Dr. Bernhard Richter, Freiburg<br \/>Prof. Dr. Claudia Spahn, Freiburg<br \/>Dr. med. Edgar Voltmer, Freiburg<\/td>\n<\/tr>\n<tr>\n<td>2009<\/td>\n<td>Priv.-Doz. Dr. med. Michael Fuchs, Leipzig<\/td>\n<\/tr>\n<tr>\n<td>2008<\/td>\n<td>Dr. med. Dirk Deuster, M\u00fcnster<\/td>\n<\/tr>\n<tr>\n<td>2007<\/td>\n<td>Prof. Dr. med. Manfred Gross, Berlin<br \/>Dr. med. J\u00f6rg Bohlender, Berlin<\/td>\n<\/tr>\n<tr>\n<td>2006<\/td>\n<td>Prof. Dr. med. Markus M. Hess, Hamburg<\/td>\n<\/tr>\n<tr>\n<td>2005<\/td>\n<td>Prof. Dr. med. Antoinette G. Dinnesen, M\u00fcnster<\/td>\n<\/tr>\n<tr>\n<td>2004<\/td>\n<td>Prof. Dr. med. Manfred Gross, Berlin<\/td>\n<\/tr>\n<tr>\n<td>2003<\/td>\n<td>Prof. Dr. med. Frank Rosanowski, Erlangen<\/td>\n<\/tr>\n<\/table>\n","protected":false},"excerpt":{"rendered":"<p>KARL STORZ GmbH &#038;Co KG ist ein global pr\u00e4senter Hersteller f\u00fcr medizinische Pr\u00e4zisionsinstrumente mit Sitz in Tuttlingen. Ihre Produktpalette umfasst starre und flexible Endoskope und Instrumente f\u00fcr das gesamte Spektrum der Humanmedizin. Der Firmengr\u00fcnder Dr.med.h.c.mult. Karl Storz hat sich mit hohem pers\u00f6nlichem Engagement seit den 1950er Jahren f\u00fcr die \u00e4rztliche Aus-, Fort- und Weiterbildung eingesetzt. <a href=\"https:\/\/dgpp.de\/de\/preise-und-auszeichnungen\/karl-storz-preis-fuer-lehre-in-der-phoniatrie-und-paedaudiologie\/\" class=\"more-link\"> &#8230; weiterlesen<\/a><\/p>\n","protected":false},"author":1,"featured_media":0,"parent":350,"menu_order":0,"comment_status":"closed","ping_status":"closed","template":"","meta":{"_links_to":"","_links_to_target":""},"_links":{"self":[{"href":"https:\/\/dgpp.de\/de\/wp-json\/wp\/v2\/pages\/517"}],"collection":[{"href":"https:\/\/dgpp.de\/de\/wp-json\/wp\/v2\/pages"}],"about":[{"href":"https:\/\/dgpp.de\/de\/wp-json\/wp\/v2\/types\/page"}],"author":[{"embeddable":true,"href":"https:\/\/dgpp.de\/de\/wp-json\/wp\/v2\/users\/1"}],"replies":[{"embeddable":true,"href":"https:\/\/dgpp.de\/de\/wp-json\/wp\/v2\/comments?post=517"}],"version-history":[{"count":13,"href":"https:\/\/dgpp.de\/de\/wp-json\/wp\/v2\/pages\/517\/revisions"}],"predecessor-version":[{"id":2878,"href":"https:\/\/dgpp.de\/de\/wp-json\/wp\/v2\/pages\/517\/revisions\/2878"}],"up":[{"embeddable":true,"href":"https:\/\/dgpp.de\/de\/wp-json\/wp\/v2\/pages\/350"}],"wp:attachment":[{"href":"https:\/\/dgpp.de\/de\/wp-json\/wp\/v2\/media?parent=517"}],"curies":[{"name":"wp","href":"https:\/\/api.w.org\/{rel}","templated":true}]}}