{"id":514,"date":"2019-09-11T00:15:27","date_gmt":"2019-09-10T22:15:27","guid":{"rendered":"http:\/\/dgpp.de\/de\/?page_id=514"},"modified":"2019-09-11T00:16:21","modified_gmt":"2019-09-10T22:16:21","slug":"atos-medical-preis-fuer-rehabilitation-in-der-phoniatrie-und-paedaudiologie","status":"publish","type":"page","link":"https:\/\/dgpp.de\/de\/preise-und-auszeichnungen\/atos-medical-preis-fuer-rehabilitation-in-der-phoniatrie-und-paedaudiologie\/","title":{"rendered":"ATOS-MEDICAL-Preis f\u00fcr Rehabilitation in der Phoniatrie und P\u00e4daudiologie"},"content":{"rendered":"<p>Atos Medical AB ist ein weltweit agierendes Unternehmen mit Sitz in S\u00fcdschweden, das sich auf qualitativ hochwertige medizinische Hilfsmittel aus Silikon f\u00fcr den Hals- Nasen- und Ohren Bereich spezialisiert hat. Atos Medical entwickelt Produkte f\u00fcr die Bereiche Laryngologie, Otologie, Rhinologie sowie Mund- Kiefer- und Gesichtschirurgie und ist u.a. Marktf\u00fchrer im Bereich pulmonale Rehabilitation und tracheo\u00f6sophagale Stimmrehabilitation nach einer totalen Laryngektomie. Die Provox\u00ae Produkte sind weltweit bekannt und geh\u00f6ren mittlerweile zum goldenen Standard. F\u00fcr die beste Arbeit zur Rehabilitation im Bereich der Phoniatrie und P\u00e4daudiologie hatte die Firma von 2004 bis 2013 den ATOS-Medical-Preis f\u00fcr Rehabilitation in H\u00f6he von 1000 \u20ac ausgeschrieben, der j\u00e4hrlich von der DGPP vergeben wurde. Mit dem Preis wurden promovierte Nachwuchswissenschaftler ausgezeichnet, die neue und wichtige Erkenntnisse zur Rehabilitation von Patienten beigetragen haben. Der ATOS-Medical-Preis wird zuk\u00fcnftig nicht mehr vergeben, die Firma hat nach 10 Jahren ihr Engagement beendet.<\/p>\n<h2>Laureaten<\/h2>\n<table class=\"dgpp_addr\">\n<tr>\n<th>Jahr<\/th>\n<th>Laureaten<\/th>\n<\/tr>\n<tr>\n<td>2013<\/td>\n<td>Priv.-Doz. Dr. med. Christopher Bohr, Erlangen<\/td>\n<\/tr>\n<tr>\n<td>2012<\/td>\n<td>Dr. rer. biol. hum. Tobias Bocklet, Erlangen<\/td>\n<\/tr>\n<tr>\n<td>2011<\/td>\n<td>Prof. Dr. med. Ina B. Kopp, AWMF Marburg<\/td>\n<\/tr>\n<tr>\n<td>2010<\/td>\n<td>Dr.-Ing. Daniel Voigt, Erlangen<\/td>\n<\/tr>\n<tr>\n<td>2009<\/td>\n<td>Dr. Daniela Strack, Hannover<\/td>\n<\/tr>\n<tr>\n<td>2008<\/td>\n<td>Dr.-Ing. Tino Haderlein, Erlangen<\/td>\n<\/tr>\n<tr>\n<td>2007<\/td>\n<td>Priv.-Doz. Dr.-Ing. Michael D\u00f6llinger, Erlangen<\/td>\n<\/tr>\n<tr>\n<td>2006<\/td>\n<td>Dr. phil. Franziska B. Meltzner, Freiburg<\/td>\n<\/tr>\n<tr>\n<td>2005<\/td>\n<td>Priv.-Doz. Dr. med. Maria Schuster, Erlangen<\/td>\n<\/tr>\n<tr>\n<td>2004<\/td>\n<td>Dr.-Ing. J\u00f6rg Lohscheller, Erlangen<\/td>\n<\/tr>\n<\/table>\n","protected":false},"excerpt":{"rendered":"<p>Atos Medical AB ist ein weltweit agierendes Unternehmen mit Sitz in S\u00fcdschweden, das sich auf qualitativ hochwertige medizinische Hilfsmittel aus Silikon f\u00fcr den Hals- Nasen- und Ohren Bereich spezialisiert hat. Atos Medical entwickelt Produkte f\u00fcr die Bereiche Laryngologie, Otologie, Rhinologie sowie Mund- Kiefer- und Gesichtschirurgie und ist u.a. Marktf\u00fchrer im Bereich pulmonale Rehabilitation und tracheo\u00f6sophagale <a href=\"https:\/\/dgpp.de\/de\/preise-und-auszeichnungen\/atos-medical-preis-fuer-rehabilitation-in-der-phoniatrie-und-paedaudiologie\/\" class=\"more-link\"> &#8230; weiterlesen<\/a><\/p>\n","protected":false},"author":1,"featured_media":0,"parent":350,"menu_order":0,"comment_status":"closed","ping_status":"closed","template":"","meta":{"_links_to":"","_links_to_target":""},"_links":{"self":[{"href":"https:\/\/dgpp.de\/de\/wp-json\/wp\/v2\/pages\/514"}],"collection":[{"href":"https:\/\/dgpp.de\/de\/wp-json\/wp\/v2\/pages"}],"about":[{"href":"https:\/\/dgpp.de\/de\/wp-json\/wp\/v2\/types\/page"}],"author":[{"embeddable":true,"href":"https:\/\/dgpp.de\/de\/wp-json\/wp\/v2\/users\/1"}],"replies":[{"embeddable":true,"href":"https:\/\/dgpp.de\/de\/wp-json\/wp\/v2\/comments?post=514"}],"version-history":[{"count":0,"href":"https:\/\/dgpp.de\/de\/wp-json\/wp\/v2\/pages\/514\/revisions"}],"up":[{"embeddable":true,"href":"https:\/\/dgpp.de\/de\/wp-json\/wp\/v2\/pages\/350"}],"wp:attachment":[{"href":"https:\/\/dgpp.de\/de\/wp-json\/wp\/v2\/media?parent=514"}],"curies":[{"name":"wp","href":"https:\/\/api.w.org\/{rel}","templated":true}]}}