{"id":512,"date":"2019-09-11T00:11:40","date_gmt":"2019-09-10T22:11:40","guid":{"rendered":"http:\/\/dgpp.de\/de\/?page_id=512"},"modified":"2020-03-19T14:51:22","modified_gmt":"2020-03-19T13:51:22","slug":"annelie-frohn-preis","status":"publish","type":"page","link":"https:\/\/dgpp.de\/de\/preise-und-auszeichnungen\/annelie-frohn-preis\/","title":{"rendered":"Annelie-Frohn-Preis"},"content":{"rendered":"<p>Annelie Frohn hatte den Wunsch, Heilp\u00e4dagogik zu studieren, um h\u00f6r- und sprachgest\u00f6rten Kindern helfen zu k\u00f6nnen. Unter tragischen Umst\u00e4nden verstarb sie an einer Leuk\u00e4mie, bevor sie ihre Pl\u00e4ne realisieren konnte. Mit der Einrichtung der Annelie-Frohn-Stiftung haben ihre Eltern ihr Lebensziel \u201eF\u00f6rderung h\u00f6r- und sprachbehinderter Kinder\u201c weiterverfolgt. Die Stiftung w\u00fcrdigte mit dem Annelie-Frohn-Preis ma\u00dfgebliche Neu-Entwicklungen in diesem Bereich, die verbreitet Anerkennung gefunden haben. Der Preis war mit 5000 \u20ac dotiert und wurde von der DGPP von 1994 bis 2016 bis auf eine Ausnahme j\u00e4hrlich vergeben.<\/p>\n<h2>Laureaten<\/h2>\n<table class=\"dgpp_addr\">\n<tr>\n<th>Jahr<\/th>\n<th>Laureaten<\/th>\n<\/tr>\n<tr>\n<td>2016<\/td>\n<td>PD Dr. med. Reinhard Ramsebner, Wien<\/td>\n<\/tr>\n<tr>\n<td>2015<\/td>\n<td>Dr. med. Michael Jungheim, Hannover<\/td>\n<\/tr>\n<tr>\n<td>2014<\/td>\n<td>Dr. rer. nat. Magdalene Ortmann, K\u00f6ln<\/td>\n<\/tr>\n<tr>\n<td>2013<\/td>\n<td>Niki Vavatzanidis, MSc, Dresden<\/td>\n<\/tr>\n<tr>\n<td>2012<\/td>\n<td>nicht vergeben<\/td>\n<\/tr>\n<tr>\n<td>2011<\/td>\n<td>Dr. phil. Matthias R\u00fcter, Freiburg<\/td>\n<\/tr>\n<tr>\n<td>2010<\/td>\n<td>Dr. med. Anna-Katharina Rohlfs, Hamburg<\/td>\n<\/tr>\n<tr>\n<td>2009<\/td>\n<td>Dr. phil. Dipl.-Phys. Bernd Kr\u00f6ger, Aachen<\/td>\n<\/tr>\n<tr>\n<td>2009<\/td>\n<td>Dr. med. Claus-Michael Schmidt, M\u00fcnster<\/td>\n<\/tr>\n<tr>\n<td>2008<\/td>\n<td>Prof. Dr. med. Katrin Neumann, Frankfurt<\/td>\n<\/tr>\n<tr>\n<td>2007<\/td>\n<td>Priv.-Doz. Dr. med. Maria Schuster, Erlangen<\/td>\n<\/tr>\n<tr>\n<td>2006<\/td>\n<td>Prof. Dr. med. Rainer Sch\u00f6nweiler (UNHS-SH), L\u00fcbeck<\/td>\n<\/tr>\n<tr>\n<td>2006<\/td>\n<td>Prof. Dr. med. Manfred Gross (DZH), Berlin<\/td>\n<\/tr>\n<tr>\n<td>2005<\/td>\n<td>Prof. Dr. rer. nat. Christiane Kiese-Himmel, G\u00f6ttingen<\/td>\n<\/tr>\n<tr>\n<td>2004<\/td>\n<td>Dipl.-Psych. Dr. rer. medic. B\u00e4rbel Wohlleben, Berlin<\/td>\n<\/tr>\n<tr>\n<td>2003<\/td>\n<td>Annette Fox, PhD, MSc, Hamburg<\/td>\n<\/tr>\n<tr>\n<td>2003<\/td>\n<td>Dipl.-Psych. Dr. Monika Brunner, Heidelberg<\/td>\n<\/tr>\n<tr>\n<td>2003<\/td>\n<td>Dr. med. Hilke Sommer, L\u00fcbeck<\/td>\n<\/tr>\n<tr>\n<td>2002<\/td>\n<td>Dr. med. Kathrin Faust, Erlangen<\/td>\n<\/tr>\n<tr>\n<td>2002<\/td>\n<td>Dr. med. Dirk Beutner, Dresden (Sonderpreis)<\/td>\n<\/tr>\n<tr>\n<td>2001<\/td>\n<td>Dr. rer. nat. Ingo W. St\u00fcrmer, G\u00f6ttingen<\/td>\n<\/tr>\n<tr>\n<td>2000<\/td>\n<td>Dr. Ing. Ulrich Hoppe, Erlangen<\/td>\n<\/tr>\n<tr>\n<td>2000<\/td>\n<td>Dipl.-Biol. Dr. rer. nat. Ulrike Peters, M\u00fcnster<\/td>\n<\/tr>\n<tr>\n<td>1999<\/td>\n<td>Priv.-Doz. Dr. med. Petra Zwirner, G\u00f6ttingen<\/td>\n<\/tr>\n<tr>\n<td>1999<\/td>\n<td>Priv.-Doz. Dr. med. Eberhard Seifert, M\u00fcnster<\/td>\n<\/tr>\n<tr>\n<td>1998<\/td>\n<td>Prof. Dr. rer. nat. Christiane Kiese-Himmel, G\u00f6ttingen<\/td>\n<\/tr>\n<tr>\n<td>1998<\/td>\n<td>Priv.-Doz. Dr. Frank Rosanowski, Erlangen<\/td>\n<\/tr>\n<tr>\n<td>1997<\/td>\n<td>Dr. med. Bernhard Richter, Freiburg<\/td>\n<\/tr>\n<tr>\n<td>1997<\/td>\n<td>Dr. med. Rainer Sch\u00f6nweiler, Hannover<\/td>\n<\/tr>\n<tr>\n<td>1996<\/td>\n<td>Priv.-Doz. Dr. med. Annerose Keilmann, Mainz<\/td>\n<\/tr>\n<tr>\n<td>1995<\/td>\n<td>Dr. med. Wolfgang Reuter, Berlin<\/td>\n<\/tr>\n<tr>\n<td>1995<\/td>\n<td>Dr. med. Markus M. Hess, Berlin<\/td>\n<\/tr>\n<tr>\n<td>1994<\/td>\n<td>Priv.-Doz. Dr. med. Patrick Zorowka, Mainz<\/td>\n<\/tr>\n<\/table>\n","protected":false},"excerpt":{"rendered":"<p>Annelie Frohn hatte den Wunsch, Heilp\u00e4dagogik zu studieren, um h\u00f6r- und sprachgest\u00f6rten Kindern helfen zu k\u00f6nnen. Unter tragischen Umst\u00e4nden verstarb sie an einer Leuk\u00e4mie, bevor sie ihre Pl\u00e4ne realisieren konnte. Mit der Einrichtung der Annelie-Frohn-Stiftung haben ihre Eltern ihr Lebensziel \u201eF\u00f6rderung h\u00f6r- und sprachbehinderter Kinder\u201c weiterverfolgt. Die Stiftung w\u00fcrdigte mit dem Annelie-Frohn-Preis ma\u00dfgebliche Neu-Entwicklungen in <a href=\"https:\/\/dgpp.de\/de\/preise-und-auszeichnungen\/annelie-frohn-preis\/\" class=\"more-link\"> &#8230; weiterlesen<\/a><\/p>\n","protected":false},"author":1,"featured_media":0,"parent":350,"menu_order":0,"comment_status":"closed","ping_status":"closed","template":"","meta":{"_links_to":"","_links_to_target":""},"_links":{"self":[{"href":"https:\/\/dgpp.de\/de\/wp-json\/wp\/v2\/pages\/512"}],"collection":[{"href":"https:\/\/dgpp.de\/de\/wp-json\/wp\/v2\/pages"}],"about":[{"href":"https:\/\/dgpp.de\/de\/wp-json\/wp\/v2\/types\/page"}],"author":[{"embeddable":true,"href":"https:\/\/dgpp.de\/de\/wp-json\/wp\/v2\/users\/1"}],"replies":[{"embeddable":true,"href":"https:\/\/dgpp.de\/de\/wp-json\/wp\/v2\/comments?post=512"}],"version-history":[{"count":1,"href":"https:\/\/dgpp.de\/de\/wp-json\/wp\/v2\/pages\/512\/revisions"}],"predecessor-version":[{"id":1044,"href":"https:\/\/dgpp.de\/de\/wp-json\/wp\/v2\/pages\/512\/revisions\/1044"}],"up":[{"embeddable":true,"href":"https:\/\/dgpp.de\/de\/wp-json\/wp\/v2\/pages\/350"}],"wp:attachment":[{"href":"https:\/\/dgpp.de\/de\/wp-json\/wp\/v2\/media?parent=512"}],"curies":[{"name":"wp","href":"https:\/\/api.w.org\/{rel}","templated":true}]}}