{"id":510,"date":"2019-09-11T00:04:39","date_gmt":"2019-09-10T22:04:39","guid":{"rendered":"http:\/\/dgpp.de\/de\/?page_id=510"},"modified":"2025-10-21T15:55:28","modified_gmt":"2025-10-21T13:55:28","slug":"verdienstmedaille-der-dgpp","status":"publish","type":"page","link":"https:\/\/dgpp.de\/de\/preise-und-auszeichnungen\/verdienstmedaille-der-dgpp\/","title":{"rendered":"Verdienstmedaille der DGPP"},"content":{"rendered":"<p>Verliehen wird diese Medaille f\u00fcr besondere Verdienste an Mitglieder der DGPP, die sich in au\u00dfergew\u00f6hnlichem Ma\u00dfe um die Gesellschaft verdient gemacht haben.<\/p>\n<h2>Laureaten<\/h2>\n<table class=\"dgpp_addr\">\n<tr>\n<th>Jahr<\/th>\n<th>Laureaten<\/th>\n<\/tr>\n<tr>\n<td>2025<\/td>\n<td>Prof. Dr. Antoinette am Zehnhoff-Dinnesen, M\u00fcnster<\/td>\n<\/tr>\n<tr>\n<td valign=\"top\">2024<\/td>\n<td>Andrea Bohnert, Mainz<br \/>Dr. Thomas Wiesner, Hamburg<\/td>\n<\/tr>\n<tr>\n<td>2023<\/td>\n<td>Prof. Dr. Patrick Zorowka, Innsbruck <\/td>\n<\/tr>\n<tr>\n<td>2021<\/td>\n<td>Prof. Dr. med. Katrin Neumann, M\u00fcnster<\/td>\n<\/tr>\n<tr>\n<td>2021<\/td>\n<td>Prof. Dr. med. Katrin Neumann, M\u00fcnster<\/td>\n<\/tr>\n<tr>\n<td>2018<\/td>\n<td>Prof. Dr. med. Christiane Neuschaefer-Rube, Aachen<\/td>\n<\/tr>\n<tr>\n<td>2015<\/td>\n<td>Priv.-Doz. Dr. med. Wolfgang Delb, Kaiserslautern<br \/>Prof. Dr. med. Dirk M\u00fcrbe, Dresden<\/td>\n<\/tr>\n<tr>\n<td>2014<\/td>\n<td>Priv.-Doz. Dr. med. Philipp P. Caffier, Berlin<br \/>Prof. Dr. med. Peter Kummer, Regensburg<\/td>\n<\/tr>\n<tr>\n<td>2011<\/td>\n<td>Dipl-Psych. Peter Matulat, M\u00fcnster<\/td>\n<\/tr>\n<\/table>\n","protected":false},"excerpt":{"rendered":"<p>Verliehen wird diese Medaille f\u00fcr besondere Verdienste an Mitglieder der DGPP, die sich in au\u00dfergew\u00f6hnlichem Ma\u00dfe um die Gesellschaft verdient gemacht haben. Laureaten Jahr Laureaten 2025 Prof. Dr. Antoinette am Zehnhoff-Dinnesen, M\u00fcnster 2024 Andrea Bohnert, MainzDr. Thomas Wiesner, Hamburg 2023 Prof. Dr. Patrick Zorowka, Innsbruck 2021 Prof. Dr. med. Katrin Neumann, M\u00fcnster 2021 Prof. Dr. <a href=\"https:\/\/dgpp.de\/de\/preise-und-auszeichnungen\/verdienstmedaille-der-dgpp\/\" class=\"more-link\"> &#8230; weiterlesen<\/a><\/p>\n","protected":false},"author":1,"featured_media":0,"parent":350,"menu_order":0,"comment_status":"closed","ping_status":"closed","template":"","meta":{"_links_to":"","_links_to_target":""},"_links":{"self":[{"href":"https:\/\/dgpp.de\/de\/wp-json\/wp\/v2\/pages\/510"}],"collection":[{"href":"https:\/\/dgpp.de\/de\/wp-json\/wp\/v2\/pages"}],"about":[{"href":"https:\/\/dgpp.de\/de\/wp-json\/wp\/v2\/types\/page"}],"author":[{"embeddable":true,"href":"https:\/\/dgpp.de\/de\/wp-json\/wp\/v2\/users\/1"}],"replies":[{"embeddable":true,"href":"https:\/\/dgpp.de\/de\/wp-json\/wp\/v2\/comments?post=510"}],"version-history":[{"count":4,"href":"https:\/\/dgpp.de\/de\/wp-json\/wp\/v2\/pages\/510\/revisions"}],"predecessor-version":[{"id":2875,"href":"https:\/\/dgpp.de\/de\/wp-json\/wp\/v2\/pages\/510\/revisions\/2875"}],"up":[{"embeddable":true,"href":"https:\/\/dgpp.de\/de\/wp-json\/wp\/v2\/pages\/350"}],"wp:attachment":[{"href":"https:\/\/dgpp.de\/de\/wp-json\/wp\/v2\/media?parent=510"}],"curies":[{"name":"wp","href":"https:\/\/api.w.org\/{rel}","templated":true}]}}