{"id":504,"date":"2019-09-11T00:01:07","date_gmt":"2019-09-10T22:01:07","guid":{"rendered":"http:\/\/dgpp.de\/de\/?page_id=504"},"modified":"2024-09-26T13:53:19","modified_gmt":"2024-09-26T11:53:19","slug":"hermann-gutzmann-medaille","status":"publish","type":"page","link":"https:\/\/dgpp.de\/de\/preise-und-auszeichnungen\/hermann-gutzmann-medaille\/","title":{"rendered":"Hermann-Gutzmann-Medaille"},"content":{"rendered":"<p><img decoding=\"async\" src=\"http:\/\/dgpp.de\/de\/wp-content\/uploads\/2019\/09\/GutzmannMedal4.png\" class=\"imgright\" \/>Hermann Gutzmann sen. (1865-1922) gilt als Begr\u00fcnder der Phoniatrie. Seine Habilitation zum Thema &#8220;Die Sprachst\u00f6rungen als Gegenstand des klinischen Unterrichts&#8221; schloss er 1905 ab &#8211; dieses Jahr gilt als Gr\u00fcndungsjahr unseres Fachgebietes. Mit einer internationalen Jubil\u00e4umstagung feierte die Union der Europ\u00e4ischen Phoniater 1980 an der Berliner Charit\u00e9 &#8220;75 Jahre Phoniatrie&#8221;, und eine aus diesem Anlass nach einem Entwurf von Prof. J\u00fcrgen Wendler in Bronze gegossene GUTZMANN-Medaille wurde bis zur Wende mehrfach verliehen und als besondere Auszeichnung sehr gesch\u00e4tzt. Seit 2005, anl\u00e4sslich des 100-j\u00e4hrigen Jubil\u00e4ums der Akademisierung unseres Faches, besteht sie nach &#8220;Reanimierung&#8221; durch Prof. Eberhard Kruse mit einer neuen Version der B-Seite als Medaille der Deutschen Gesellschaft f\u00fcr Phoniatrie und P\u00e4daudiologie fort. Es werden Pers\u00f6nlichkeiten geehrt, die sich um die Entwicklung unseres Faches besondere Verdienste erworben haben und denen wir unseren Dank zum Ausdruck bringen m\u00f6chten.<\/p>\n<h2>Laureaten<\/h2>\n<table class=\"dgpp_addr\">\n<tr>\n<th>Jahr<\/th>\n<th>Laureaten<\/th>\n<\/tr>\n<tr>\n<td>2024<\/td>\n<td>Prof. Dr. med. Tadeus Nawka, Berlin<\/td>\n<\/tr>\n<tr>\n<td>2020<\/td>\n<td>Prof. Dr. med. J\u00fcrgen Wendler, Berlin<\/td>\n<\/tr>\n<tr>\n<td>2011<\/td>\n<td>Prof. Dr. med. Ina B. Kopp, AWMF Marburg<\/td>\n<\/tr>\n<tr>\n<td>2007<\/td>\n<td>Dipl.-Kffr. Renate Hess, Bundes\u00e4rztekammer Berlin<\/td>\n<\/tr>\n<tr>\n<td>2005<\/td>\n<td>Dr. jur. Waldemar Frohn, Annelie-Frohn-Stiftung J\u00fclich<\/td>\n<\/tr>\n<tr>\n<td>1989<\/td>\n<td>Prof. Dr. med. Wolfram Behrendt, Leipzig<br \/>Prof. Dr. med. Oskar Schindler, Turin<br \/>Doz. Dr. med. Wolfram Seidner, Berlin<br \/>Dr. med. Achim Tzschoppe, Dresden<\/td>\n<\/tr>\n<tr>\n<td>1986<\/td>\n<td>MR Dr. med. Heinz Zehmisch, Plauen<\/td>\n<\/tr>\n<tr>\n<td>1985<\/td>\n<td>Dr. med. Johann-Georg Heidelbach, Dresden<br \/>Doc. MUdr. Alex Nov\u00e1k, Prag<br \/>Dr. med. Dr. paed. Johannes Pahn, Rostock<\/td>\n<\/tr>\n<\/table>\n<h2>Foto 1980<\/h2>\n<p><img decoding=\"async\" src=\"http:\/\/dgpp.de\/de\/wp-content\/uploads\/2019\/09\/Laureaten_Gutzmann1980.jpg\" alt=\"\" \/><\/p>\n<p>(von links nach rechts): Prof. N.M. Kotby (Kairo, \u00c4gypten); Prof. N. Isshiki (Kyoto, Japan); Doz. J. Hirschberg (Budapest, Ungarn); Prof. M. Hirano (Kurume, Japan); Doz. L. Handzel (Warschau, Polen); Prof. B. Fritzell (Huddinge, Schweden); Doz. T. Frint (Budapest, Ungarn); Prof. F. Frank (Wien, \u00d6sterreich); Prof. L. Dmitriev (Moskau, UdSSR); Prof. D. Cveji\u00e7 (Belgrad, Jugoslawien); Dr. O. Caprez (Chur, Schweiz); Prof. L. Croatto (Padua, Italien); Prof. O. von Arentsschild (Berlin\/West); Prof. P. Biesaslski (Mainz, BRD); Prof. C.I.E. Jansen (Nijmegen, Niederlande [verdeckt von Laudator Prof. J. Wendler, am Pult]); Prof. G. Kittel (Erlangen, BRD); Prof. I. Maximov (Sofia, Bulgarien); Dr. J. Perell\u00f3 (Barcelona, Spanien); Prof. E. Loebell (Hannover, BRD); Doz. A. Pruszewicz (Posen, Polen); Prof. K. Sedl\u00e1ek (Prag, CSSR); Dr. C. Siegert (Jena, DDR); Doz. A. Sonninen (Jyv\u00e4skyl\u00e4, Finnland); Dr. F. \u00c5 ram (Prag, CSSR); Dipl.-Phys. R. Tostmann (Hohen Neuendorf, DDR); Prof. W. Wellens (Leuven, Belgien).<\/p>\n<p><em>Nicht auf dem Bild: Dr. Borchgrevink (Oslo, Norwegen); Doz. Bogdan (Bukarest, Rum\u00e4nien); Prof. Brodnitz (New York, USA); Prof. Damst\u00e9 (Utrecht, Niederlande); Prof. Hociota (Bukarest, Rum\u00e4nien); Prof. von Leden (Los Angeles, USA); Doz. Pfau (Halle, DDR); Doz. Saltevo (Jyv\u00e4skyl\u00e4, Finnland); Frau Doz. Schamschewa (Leningrad, UdSSR); Prof. Schlorhaufer (Innsbruck, \u00d6sterreich); Prof. Wasilenko (Moskau, UdSSR); Prof. Wyke (London, Gro\u00dfbritannien).<\/em><\/p>\n","protected":false},"excerpt":{"rendered":"<p>Hermann Gutzmann sen. (1865-1922) gilt als Begr\u00fcnder der Phoniatrie. Seine Habilitation zum Thema &#8220;Die Sprachst\u00f6rungen als Gegenstand des klinischen Unterrichts&#8221; schloss er 1905 ab &#8211; dieses Jahr gilt als Gr\u00fcndungsjahr unseres Fachgebietes. Mit einer internationalen Jubil\u00e4umstagung feierte die Union der Europ\u00e4ischen Phoniater 1980 an der Berliner Charit\u00e9 &#8220;75 Jahre Phoniatrie&#8221;, und eine aus diesem Anlass <a href=\"https:\/\/dgpp.de\/de\/preise-und-auszeichnungen\/hermann-gutzmann-medaille\/\" class=\"more-link\"> &#8230; weiterlesen<\/a><\/p>\n","protected":false},"author":1,"featured_media":0,"parent":350,"menu_order":0,"comment_status":"closed","ping_status":"closed","template":"","meta":{"_links_to":"","_links_to_target":""},"_links":{"self":[{"href":"https:\/\/dgpp.de\/de\/wp-json\/wp\/v2\/pages\/504"}],"collection":[{"href":"https:\/\/dgpp.de\/de\/wp-json\/wp\/v2\/pages"}],"about":[{"href":"https:\/\/dgpp.de\/de\/wp-json\/wp\/v2\/types\/page"}],"author":[{"embeddable":true,"href":"https:\/\/dgpp.de\/de\/wp-json\/wp\/v2\/users\/1"}],"replies":[{"embeddable":true,"href":"https:\/\/dgpp.de\/de\/wp-json\/wp\/v2\/comments?post=504"}],"version-history":[{"count":6,"href":"https:\/\/dgpp.de\/de\/wp-json\/wp\/v2\/pages\/504\/revisions"}],"predecessor-version":[{"id":2664,"href":"https:\/\/dgpp.de\/de\/wp-json\/wp\/v2\/pages\/504\/revisions\/2664"}],"up":[{"embeddable":true,"href":"https:\/\/dgpp.de\/de\/wp-json\/wp\/v2\/pages\/350"}],"wp:attachment":[{"href":"https:\/\/dgpp.de\/de\/wp-json\/wp\/v2\/media?parent=504"}],"curies":[{"name":"wp","href":"https:\/\/api.w.org\/{rel}","templated":true}]}}