{"id":486,"date":"2019-09-07T22:42:34","date_gmt":"2019-09-07T20:42:34","guid":{"rendered":"http:\/\/dgpp.de\/de\/?page_id=486"},"modified":"2019-09-08T00:46:40","modified_gmt":"2019-09-07T22:46:40","slug":"veranstaltung-einsenden","status":"publish","type":"page","link":"https:\/\/dgpp.de\/de\/veranstaltung-einsenden\/","title":{"rendered":"Veranstaltung einsenden"},"content":{"rendered":"<p>Hier k\u00f6nnen Sie Ihre eigene phoniatrische bzw. p\u00e4daudiologische Veranstaltung einreichen. Ein Administrator wird \u00fcber Ihre Einsendung benachrichtigt und sich zeitnah um die Freischaltung Ihrer Veranstaltung in unserem Kalender k\u00fcmmern. Bei Fragen und Anregungen wenden Sie sich bitte an die <a href=\"http:\/\/dgpp.de\/de\/praesidium-vorstand\/\">Gesch\u00e4ftsstelle der DGPP<\/a>.<\/p>\n<h2>Veranstaltungsformular<\/h2>\n<form action=\"\" method=\"post\" enctype=\"multipart\/form-data\">\r\n<input type=\"hidden\" value=\"true\" name=\"spiffycal_frontend_submit\">\r\n<input type=\"hidden\" id=\"spiffycal_frontend_submit_nonce\" name=\"spiffycal_frontend_submit_nonce\" value=\"0b699decf1\" \/><input type=\"hidden\" name=\"_wp_http_referer\" value=\"\/de\/wp-json\/wp\/v2\/pages\/486\" \/>\r\n<table class=\"spiffy-fe-submit\" cellpadding=\"5\" cellspacing=\"5\">\r\n<tr>\t\t\t\t\r\n<td><legend>Ereignistitel<\/legend><\/td>\r\n<td><input type=\"text\" name=\"event_title\" maxlength=\"60\" value=\"\" \/><br \/>Maximal 60 Zeichen.<\/td>\r\n<\/tr>\r\n<tr>\r\n<td style=\"vertical-align:top;\"><legend>Ereignisbeschreibung<\/legend><\/td>\r\n<td>\r\n<textarea name=\"event_desc\" rows=\"5\" cols=\"50\"><\/textarea><\/td>\r\n<\/tr>\r\n<tr>\r\n<td style=\"vertical-align:top;\"><legend>Veranstaltungsort<\/legend><\/td>\r\n<td>\r\n<textarea name=\"event_location\" rows=\"5\" cols=\"50\"><\/textarea><br \/>\r\n<input type=\"checkbox\" name=\"link_location\" \/> Link zu Google Maps einf\u00fcgen\r\n<\/td>\r\n<\/tr>\r\n<tr>\r\n<td><legend>Event Category<\/legend><\/td>\r\n<td>\t <select name=\"event_category\">\r\n\t<\/select>\r\n<\/td>\r\n<\/tr>\r\n\r\n<tr>\r\n<td><legend>Event Link (Optional)<\/legend><\/td>\r\n<td><input type=\"text\" name=\"event_link\" size=\"40\" value=\"\" \/><\/td>\r\n<\/tr>\r\n<tr>\r\n<td><legend>Startdatum<\/legend><\/td>\r\n<td>\r\n\t<input type=\"text\" id=\"event_begin\" name=\"event_begin\" class=\"spiffy-date-field\" size=\"12\"\r\n\tvalue=\"2026-04-21\" \/>\r\n<\/td>\r\n<\/tr>\r\n<tr>\r\n<td><legend>Enddatum<\/legend><\/td>\r\n<td><input type=\"text\" id=\"event_end\" name=\"event_end\" class=\"spiffy-date-field\" size=\"12\"\r\n\tvalue=\"2026-04-21\" \/>\r\n<\/td>\r\n<\/tr>\r\n<tr>\r\n<td><legend>Startzeit (HH:MM)<\/legend><\/td>\r\n<td>\t<input type=\"text\" id=\"event_time\" name=\"event_time\" size=12\r\n\tvalue=\"\" \/> Optional, leer lassen, wenn nicht ben\u00f6tigt.\r\n<\/td>\r\n<\/tr>\r\n<tr>\r\n<td><legend>Endzeit (HH:MM)<\/legend><\/td>\r\n<td>\t<input type=\"text\" id=\"event_end_time\" name=\"event_end_time\" size=12\r\n\tvalue=\"\" \/> Optional, leer lassen, wenn nicht ben\u00f6tigt.\r\n<\/td>\r\n<\/tr>\r\n<\/table>\r\n<input type=\"hidden\" name=\"event_hide_events\" value=\"F\" \/>\r\n<input type=\"hidden\" name=\"event_show_title\" value=\"T\" \/>\r\n<input type=\"hidden\" name=\"event_author\" value=\"0\" \/>\r\n\r\n<input type=\"hidden\" name=\"event_recur\" value=\"S\" \/>\r\n<input type=\"hidden\" name=\"event_recur_multiplier\" value=\"1\" \/>\t\t\r\n<input type=\"hidden\" name=\"event_repeats\" value=\"0\" \/>\r\n<input type=\"hidden\" name=\"event_image\" value=\"\" \/>\r\n<input type=\"hidden\" name=\"event_remove_image\" value=\"false\" \/><input type=\"hidden\" name=\"event_status\" value=\"R\" \/><div class=\"g-recaptcha\" data-theme=\"light\" data-sitekey=\"6LeO7rcUAAAAAGSZilaoshPV_YtYhMjMEIq2Gkvl\"><\/div><input type=\"submit\" name=\"submit_add_event\" class=\"button button-primary\" value=\"Speichern\" \/>\r\n<\/form>\r\n\n","protected":false},"excerpt":{"rendered":"<p>Hier k\u00f6nnen Sie Ihre eigene phoniatrische bzw. p\u00e4daudiologische Veranstaltung einreichen. Ein Administrator wird \u00fcber Ihre Einsendung benachrichtigt und sich zeitnah um die Freischaltung Ihrer Veranstaltung in unserem Kalender k\u00fcmmern. Bei Fragen und Anregungen wenden Sie sich bitte an die Gesch\u00e4ftsstelle der DGPP. Veranstaltungsformular <a href=\"https:\/\/dgpp.de\/de\/veranstaltung-einsenden\/\" class=\"more-link\"> &#8230; weiterlesen<\/a><\/p>\n","protected":false},"author":1,"featured_media":0,"parent":0,"menu_order":0,"comment_status":"closed","ping_status":"closed","template":"","meta":{"_links_to":"","_links_to_target":""},"_links":{"self":[{"href":"https:\/\/dgpp.de\/de\/wp-json\/wp\/v2\/pages\/486"}],"collection":[{"href":"https:\/\/dgpp.de\/de\/wp-json\/wp\/v2\/pages"}],"about":[{"href":"https:\/\/dgpp.de\/de\/wp-json\/wp\/v2\/types\/page"}],"author":[{"embeddable":true,"href":"https:\/\/dgpp.de\/de\/wp-json\/wp\/v2\/users\/1"}],"replies":[{"embeddable":true,"href":"https:\/\/dgpp.de\/de\/wp-json\/wp\/v2\/comments?post=486"}],"version-history":[{"count":0,"href":"https:\/\/dgpp.de\/de\/wp-json\/wp\/v2\/pages\/486\/revisions"}],"wp:attachment":[{"href":"https:\/\/dgpp.de\/de\/wp-json\/wp\/v2\/media?parent=486"}],"curies":[{"name":"wp","href":"https:\/\/api.w.org\/{rel}","templated":true}]}}