{"id":478,"date":"2019-09-07T22:16:40","date_gmt":"2019-09-07T20:16:40","guid":{"rendered":"http:\/\/dgpp.de\/de\/?page_id=478"},"modified":"2019-09-11T23:13:09","modified_gmt":"2019-09-11T21:13:09","slug":"veranstaltungen","status":"publish","type":"page","link":"https:\/\/dgpp.de\/de\/veranstaltungen\/","title":{"rendered":"Veranstaltungen"},"content":{"rendered":"<p>Auf dieser Seite finden Sie einen Veranstaltungskalender, der sowohl mit den Veranstaltungen der DGPP und ihren Partnern gef\u00fcllt ist, aber auch mit phoniatrischen bzw. p\u00e4daudiologischen Events und Kursen Dritter. Um weitere Informationen zu einer Veranstaltung zu erhalten, klicken Sie bitte auf das entsprechende Feld im Kalender oder auf das gelbe Popup.<\/p>\n<p>Wenn Sie einen Kurs in unseren Kalender eintragen m\u00f6chten, nutzen Sie bitte unser <a href=\"http:\/\/dgpp.de\/de\/veranstaltung-einsenden\/\">Veranstaltungsformular<\/a>. Ein Administrator wird \u00fcber Ihre Einsendung benachrichtigt und sich zeitnah um die Freischaltung Ihrer Veranstaltung in unserem Kalender k\u00fcmmern.<\/p>\n<h2>Veranstaltungen heute<\/h2>\n<div class=\"spiffy page-todays-events spiffy-list-\"><p class=\"spiffy-none-found\">Heute leider keine Veranstaltung.<\/p><\/div>\n<h2>Monatskalender<\/h2>\n\r\n<table class=\"spiffy calendar-table bigcal\">\r\n\t<tr class=\"calendar-heading\"><td colspan=\"7\" class=\"calendar-date-switcher\">\r\n\t\t<table class=\"calendar-heading-tbl\">\r\n\t\t<tr>\r\n\t\t\t<td class=\"calendar-prev\"><a rel=\"nofollow\" title=\"Previous month\" class=\"spiffy-calendar-arrow\" onclick=\"sessionStorage.scrollTop = jQuery(window).scrollTop();\" href=\"\/de\/wp-json\/wp\/v2\/pages\/478?grid-list-toggle=grid&#038;month=apr&#038;yr=2026\">&lt;<\/a><\/td>\r\n\r\n\t\t\t<td class=\"calendar-month\">Mai 2026<\/td>\r\n\t\t\t<td class=\"calendar-next\"><a rel=\"nofollow\" title=\"Next month\" class=\"spiffy-calendar-arrow\" onclick=\"sessionStorage.scrollTop = jQuery(window).scrollTop();\" href=\"\/de\/wp-json\/wp\/v2\/pages\/478?grid-list-toggle=grid&#038;month=jun&#038;yr=2026\">&gt;<\/a><\/td>\r\n\t\t<\/tr>\r\n\t\t<\/table>\r\n\t<\/td><\/tr><tr class=\"weekday-titles\"><td class=\"normal-day-heading\">Montag<\/td><td class=\"normal-day-heading\">Dienstag<\/td><td class=\"normal-day-heading\">Mittwoch<\/td><td class=\"normal-day-heading\">Donnerstag<\/td><td class=\"normal-day-heading\">Freitag<\/td><td class=\"weekend-heading\">Samstag<\/td><td class=\"weekend-heading\">Sonntag<\/td><\/tr><tr>\t<td class=\"day-without-date\">&nbsp;<\/td>\t<td class=\"day-without-date\">&nbsp;<\/td>\t<td class=\"day-without-date\">&nbsp;<\/td>\t<td class=\"day-without-date\">&nbsp;<\/td>\t<td class=\"spiffy-day-1  no-events day-with-date\"><span class=\"day-number\">1<\/span><span class=\"spiffy-event-group\"><\/span><\/td>\t<td class=\"spiffy-day-2  weekend no-events day-with-date\"><span class=\"day-number weekend\">2<\/span><span class=\"spiffy-event-group\"><\/span><\/td>\t<td class=\"spiffy-day-3  weekend no-events day-with-date\"><span class=\"day-number weekend\">3<\/span><span class=\"spiffy-event-group\"><\/span><\/td><\/tr><tr>\t<td class=\"spiffy-day-4  no-events day-with-date\"><span class=\"day-number\">4<\/span><span class=\"spiffy-event-group\"><\/span><\/td>\t<td class=\"spiffy-day-5  no-events day-with-date\"><span class=\"day-number\">5<\/span><span class=\"spiffy-event-group\"><\/span><\/td>\t<td class=\"spiffy-day-6  no-events day-with-date\"><span class=\"day-number\">6<\/span><span class=\"spiffy-event-group\"><\/span><\/td>\t<td class=\"spiffy-day-7  no-events day-with-date\"><span class=\"day-number\">7<\/span><span class=\"spiffy-event-group\"><\/span><\/td>\t<td class=\"spiffy-day-8  no-events day-with-date\"><span class=\"day-number\">8<\/span><span class=\"spiffy-event-group\"><\/span><\/td>\t<td class=\"spiffy-day-9  weekend no-events day-with-date\"><span class=\"day-number weekend\">9<\/span><span class=\"spiffy-event-group\"><\/span><\/td>\t<td class=\"spiffy-day-10  weekend no-events day-with-date\"><span class=\"day-number weekend\">10<\/span><span class=\"spiffy-event-group\"><\/span><\/td><\/tr><tr>\t<td class=\"spiffy-day-11  no-events day-with-date\"><span class=\"day-number\">11<\/span><span class=\"spiffy-event-group\"><\/span><\/td>\t<td class=\"spiffy-day-12  no-events day-with-date\"><span class=\"day-number\">12<\/span><span class=\"spiffy-event-group\"><\/span><\/td>\t<td class=\"spiffy-day-13 current-day no-events day-with-date\"><span class=\"day-number\">13<\/span><span class=\"spiffy-event-group\"><\/span><\/td>\t<td class=\"spiffy-day-14  no-events day-with-date\"><span class=\"day-number\">14<\/span><span class=\"spiffy-event-group\"><\/span><\/td>\t<td class=\"spiffy-day-15  no-events day-with-date\"><span class=\"day-number\">15<\/span><span class=\"spiffy-event-group\"><\/span><\/td>\t<td class=\"spiffy-day-16  weekend no-events day-with-date\"><span class=\"day-number weekend\">16<\/span><span class=\"spiffy-event-group\"><\/span><\/td>\t<td class=\"spiffy-day-17  weekend no-events day-with-date\"><span class=\"day-number weekend\">17<\/span><span class=\"spiffy-event-group\"><\/span><\/td><\/tr><tr>\t<td class=\"spiffy-day-18  no-events day-with-date\"><span class=\"day-number\">18<\/span><span class=\"spiffy-event-group\"><\/span><\/td>\t<td class=\"spiffy-day-19  no-events day-with-date\"><span class=\"day-number\">19<\/span><span class=\"spiffy-event-group\"><\/span><\/td>\t<td class=\"spiffy-day-20  no-events day-with-date\"><span class=\"day-number\">20<\/span><span class=\"spiffy-event-group\"><\/span><\/td>\t<td class=\"spiffy-day-21  no-events day-with-date\"><span class=\"day-number\">21<\/span><span class=\"spiffy-event-group\"><\/span><\/td>\t<td class=\"spiffy-day-22  no-events day-with-date\"><span class=\"day-number\">22<\/span><span class=\"spiffy-event-group\"><\/span><\/td>\t<td class=\"spiffy-day-23  weekend no-events day-with-date\"><span class=\"day-number weekend\">23<\/span><span class=\"spiffy-event-group\"><\/span><\/td>\t<td class=\"spiffy-day-24  weekend no-events day-with-date\"><span class=\"day-number weekend\">24<\/span><span class=\"spiffy-event-group\"><\/span><\/td><\/tr><tr>\t<td class=\"spiffy-day-25  no-events day-with-date\"><span class=\"day-number\">25<\/span><span class=\"spiffy-event-group\"><\/span><\/td>\t<td class=\"spiffy-day-26  no-events day-with-date\"><span class=\"day-number\">26<\/span><span class=\"spiffy-event-group\"><\/span><\/td>\t<td class=\"spiffy-day-27  no-events day-with-date\"><span class=\"day-number\">27<\/span><span class=\"spiffy-event-group\"><\/span><\/td>\t<td class=\"spiffy-day-28  no-events day-with-date\"><span class=\"day-number\">28<\/span><span class=\"spiffy-event-group\"><\/span><\/td>\t<td class=\"spiffy-day-29  no-events day-with-date\"><span class=\"day-number\">29<\/span><span class=\"spiffy-event-group\"><\/span><\/td>\t<td class=\"spiffy-day-30  weekend no-events day-with-date\"><span class=\"day-number weekend\">30<\/span><span class=\"spiffy-event-group\"><\/span><\/td>\t<td class=\"spiffy-day-31  weekend no-events day-with-date\"><span class=\"day-number weekend\">31<\/span><span class=\"spiffy-event-group\"><\/span><\/td><\/tr><tr class=\"category-key-row\"><td colspan=\"7\" class=\"category-key\" ><table class=\"spiffy cat-key\"><colgroup>\r\n\t<col style=\"width:10px; height:10px;\">\r\n\t<col>\r\n<\/colgroup>\r\n<tr><td colspan=\"2\" class=\"cat-key-cell\"><strong>Kategorien<\/strong><\/td><\/tr><tr class=\"\" data-category=\"1\"><td style=\"background-color:#999fff; \" class=\"cat-key-cell\"><\/td>\r\n<td class=\"cat-key-cell\" data-category=\"1\">&nbsp;Allgemein<\/td><\/tr><tr class=\"\" data-category=\"2\"><td style=\"background-color:#fdeedb; \" class=\"cat-key-cell\"><\/td>\r\n<td class=\"cat-key-cell\" data-category=\"2\">&nbsp;DGPP-Veranstaltung<\/td><\/tr><tr class=\"\" data-category=\"3\"><td style=\"background-color:#a1d67c; \" class=\"cat-key-cell\"><\/td>\r\n<td class=\"cat-key-cell\" data-category=\"3\">&nbsp;Partnerveranstaltung<\/td><\/tr><tr class=\"\" data-category=\"4\"><td style=\"background-color:#ffafc8; \" class=\"cat-key-cell\"><\/td>\r\n<td class=\"cat-key-cell\" data-category=\"4\">&nbsp;Eingesendete Veranstaltung<\/td><\/tr><\/table><\/td><\/tr><\/table>\n<h2>Das n\u00e4chste Vierteljahr<\/h2>\n<div class=\"spiffy page-upcoming-events spiffy-list-\"><ul class=\"spiffy upcoming-events-list\"><li class=\"spiffy-upcoming-day \"><span class=\"spiffy-upcoming-date\">2. Juli 2026<\/span><ul class=\"spiffy-upcoming-events\"><li class=\"spiffy-event-details spiffy- spiffy-num\"><span class=\"calnk category_2 spiffy-eventid-185\"><span onclick=\"\" class=\"calnk-link\" style=\"color:#fdeedb;\" ><span class=\"calnk-box\"><a href=\"https:\/\/www.endoswallow-academy.com\/kursinformationen\/\" style=\"color:#fdeedb;\"  target=\"_blank\" ><span class=\"spiffy-title\">1. Sylter Dysphagie-Kurs<\/span><\/a><br \/><img alt=\"\" class=\"calnk-icon\" src=\"\" \/><span class=\"spiffy-popup\" style=\"color:#fdeedb;\" ><a href=\"https:\/\/www.endoswallow-academy.com\/kursinformationen\/\"  target=\"_blank\" ><span class=\"event-title\" style=\"color:#fdeedb;\" >1. Sylter Dysphagie-Kurs<\/span><span class=\"event-title-break\"><\/span><img src=\"\" alt=\"\" \/><span class=\"ca-desc-p\">Dieser Kurs richtet sich an interessierte Kolleginnen und Kollegen aus insbesondere aus HNO und Phoniatrie aller Ausbildungsphasen, die ihr Wissen im Bereich der Dysphagie erweitern wollen. Auch f\u00fcr andere Fachgruppen, die sich mit Dysphagie aller \u00c4tiologien besch\u00e4ftigen, eignet sich dieser Kurs. Er ist von DGPP &amp; DGHNO-KHC unter Mitwirkung der Berufsverb\u00e4nde (DBVPP &amp; DBHNO) zur Erlangung des Dysphagiezertifikates anerkannt. Es handelt sich um alle drei vorgeschriebenen Module A-C.<\/span>\n<\/a><span class=\"ca-location-p\">Congress Centrum Westerland<br \/>\nInsel Sylt<\/span>\n<\/span><\/span><\/span><\/span><\/li><\/ul><\/li><li class=\"spiffy-upcoming-day \"><span class=\"spiffy-upcoming-date\">3. Juli 2026<\/span><ul class=\"spiffy-upcoming-events\"><li class=\"spiffy-event-details spiffy- spiffy-num\"><span class=\"calnk category_2 spiffy-eventid-185\"><span onclick=\"\" class=\"calnk-link\" style=\"color:#fdeedb;\" ><span class=\"calnk-box\"><a href=\"https:\/\/www.endoswallow-academy.com\/kursinformationen\/\" style=\"color:#fdeedb;\"  target=\"_blank\" ><span class=\"spiffy-title\">1. Sylter Dysphagie-Kurs<\/span><\/a><br \/><img alt=\"\" class=\"calnk-icon\" src=\"\" \/><span class=\"spiffy-popup\" style=\"color:#fdeedb;\" ><a href=\"https:\/\/www.endoswallow-academy.com\/kursinformationen\/\"  target=\"_blank\" ><span class=\"event-title\" style=\"color:#fdeedb;\" >1. Sylter Dysphagie-Kurs<\/span><span class=\"event-title-break\"><\/span><img src=\"\" alt=\"\" \/><span class=\"ca-desc-p\">Dieser Kurs richtet sich an interessierte Kolleginnen und Kollegen aus insbesondere aus HNO und Phoniatrie aller Ausbildungsphasen, die ihr Wissen im Bereich der Dysphagie erweitern wollen. Auch f\u00fcr andere Fachgruppen, die sich mit Dysphagie aller \u00c4tiologien besch\u00e4ftigen, eignet sich dieser Kurs. Er ist von DGPP &amp; DGHNO-KHC unter Mitwirkung der Berufsverb\u00e4nde (DBVPP &amp; DBHNO) zur Erlangung des Dysphagiezertifikates anerkannt. Es handelt sich um alle drei vorgeschriebenen Module A-C.<\/span>\n<\/a><span class=\"ca-location-p\">Congress Centrum Westerland<br \/>\nInsel Sylt<\/span>\n<\/span><\/span><\/span><\/span><\/li><\/ul><\/li><li class=\"spiffy-upcoming-day \"><span class=\"spiffy-upcoming-date\">4. Juli 2026<\/span><ul class=\"spiffy-upcoming-events\"><li class=\"spiffy-event-details spiffy- spiffy-num\"><span class=\"calnk category_2 spiffy-eventid-185\"><span onclick=\"\" class=\"calnk-link\" style=\"color:#fdeedb;\" ><span class=\"calnk-box\"><a href=\"https:\/\/www.endoswallow-academy.com\/kursinformationen\/\" style=\"color:#fdeedb;\"  target=\"_blank\" ><span class=\"spiffy-title\">1. Sylter Dysphagie-Kurs<\/span><\/a><br \/><img alt=\"\" class=\"calnk-icon\" src=\"\" \/><span class=\"spiffy-popup\" style=\"color:#fdeedb;\" ><a href=\"https:\/\/www.endoswallow-academy.com\/kursinformationen\/\"  target=\"_blank\" ><span class=\"event-title\" style=\"color:#fdeedb;\" >1. Sylter Dysphagie-Kurs<\/span><span class=\"event-title-break\"><\/span><img src=\"\" alt=\"\" \/><span class=\"ca-desc-p\">Dieser Kurs richtet sich an interessierte Kolleginnen und Kollegen aus insbesondere aus HNO und Phoniatrie aller Ausbildungsphasen, die ihr Wissen im Bereich der Dysphagie erweitern wollen. Auch f\u00fcr andere Fachgruppen, die sich mit Dysphagie aller \u00c4tiologien besch\u00e4ftigen, eignet sich dieser Kurs. Er ist von DGPP &amp; DGHNO-KHC unter Mitwirkung der Berufsverb\u00e4nde (DBVPP &amp; DBHNO) zur Erlangung des Dysphagiezertifikates anerkannt. Es handelt sich um alle drei vorgeschriebenen Module A-C.<\/span>\n<\/a><span class=\"ca-location-p\">Congress Centrum Westerland<br \/>\nInsel Sylt<\/span>\n<\/span><\/span><\/span><\/span><\/li><\/ul><\/li><\/ul><\/div>\n","protected":false},"excerpt":{"rendered":"<p>Auf dieser Seite finden Sie einen Veranstaltungskalender, der sowohl mit den Veranstaltungen der DGPP und ihren Partnern gef\u00fcllt ist, aber auch mit phoniatrischen bzw. p\u00e4daudiologischen Events und Kursen Dritter. Um weitere Informationen zu einer Veranstaltung zu erhalten, klicken Sie bitte auf das entsprechende Feld im Kalender oder auf das gelbe Popup. Wenn Sie einen Kurs <a href=\"https:\/\/dgpp.de\/de\/veranstaltungen\/\" class=\"more-link\"> &#8230; weiterlesen<\/a><\/p>\n","protected":false},"author":1,"featured_media":0,"parent":0,"menu_order":0,"comment_status":"closed","ping_status":"closed","template":"","meta":{"_links_to":"","_links_to_target":""},"_links":{"self":[{"href":"https:\/\/dgpp.de\/de\/wp-json\/wp\/v2\/pages\/478"}],"collection":[{"href":"https:\/\/dgpp.de\/de\/wp-json\/wp\/v2\/pages"}],"about":[{"href":"https:\/\/dgpp.de\/de\/wp-json\/wp\/v2\/types\/page"}],"author":[{"embeddable":true,"href":"https:\/\/dgpp.de\/de\/wp-json\/wp\/v2\/users\/1"}],"replies":[{"embeddable":true,"href":"https:\/\/dgpp.de\/de\/wp-json\/wp\/v2\/comments?post=478"}],"version-history":[{"count":0,"href":"https:\/\/dgpp.de\/de\/wp-json\/wp\/v2\/pages\/478\/revisions"}],"wp:attachment":[{"href":"https:\/\/dgpp.de\/de\/wp-json\/wp\/v2\/media?parent=478"}],"curies":[{"name":"wp","href":"https:\/\/api.w.org\/{rel}","templated":true}]}}