{"id":350,"date":"2019-09-06T03:31:52","date_gmt":"2019-09-06T01:31:52","guid":{"rendered":"http:\/\/dgpp.de\/de\/?page_id=350"},"modified":"2025-10-21T16:12:09","modified_gmt":"2025-10-21T14:12:09","slug":"preise-und-auszeichnungen","status":"publish","type":"page","link":"https:\/\/dgpp.de\/de\/preise-und-auszeichnungen\/","title":{"rendered":"Preise und Auszeichnungen"},"content":{"rendered":"<h2>Aktuelle DGPP-Preise<\/h2>\n<p>Von der DGPP werden derzeit folgende Preise vergeben:<\/p>\n<div style=\"text-align:left\">\n<div class=\"imglink\"><a href=\"https:\/\/dgpp.de\/de\/preise-und-auszeichnungen\/hermann-gutzmann-medaille\/\"><br \/>\n<img decoding=\"async\" src=\"https:\/\/dgpp.de\/de\/wp-content\/uploads\/2019\/09\/preis_gutzmann.png\" alt=\"\"\/><br \/>\n<span>Herrmann-Gutzmann-Medaille<\/span><\/a><\/div>\n<div class=\"imglink\"><a href=\"https:\/\/dgpp.de\/de\/preise-und-auszeichnungen\/verdienstmedaille-der-dgpp\/\"><br \/>\n<img decoding=\"async\" src=\"https:\/\/dgpp.de\/de\/wp-content\/uploads\/2019\/09\/preis_dgpp.png\" alt=\"\"\/><br \/>\n<span>Verdienstmedaille der DGPP<\/span><\/a><\/div>\n<div class=\"imglink\"><a href=\"https:\/\/dgpp.de\/de\/preise-und-auszeichnungen\/gerhard-kittel-medaille-zur-foerderung-des-wissenschaftlichen-nachwuchses\/\"><br \/>\n<img decoding=\"async\" src=\"https:\/\/dgpp.de\/de\/wp-content\/uploads\/2019\/09\/preis_kittel.png\" alt=\"\"\/><br \/>\n<span>Gerhard-Kittel-Medaille zur F\u00f6rderung des wissenschaftlichen Nachwuchses<\/span><\/a><\/div>\n<div class=\"imglink\"><a href=\"https:\/\/dgpp.de\/de\/preise-und-auszeichnungen\/promotionspreis-der-kind-hoerstiftung\/\"><br \/>\n<img decoding=\"async\" src=\"https:\/\/dgpp.de\/de\/wp-content\/uploads\/2021\/09\/preis_kind2.png\" alt=\"\"\/><br \/>\n<span>Promotionspreis der KIND H\u00f6rstiftung<\/span><\/a><\/div>\n<div class=\"imglink\"><a href=\"https:\/\/dgpp.de\/de\/preise-und-auszeichnungen\/karl-storz-preis-fuer-lehre-in-der-phoniatrie-und-paedaudiologie\/\"><br \/>\n<img decoding=\"async\" src=\"https:\/\/dgpp.de\/de\/wp-content\/uploads\/2019\/09\/preis_storz.png\" alt=\"\"\/><br \/>\n<span>Karl-Storz-Preis f\u00fcr Lehre in der Phoniatrie und P\u00e4daudiologie<\/span><\/a><\/div>\n<div class=\"imglink\"><a href=\"https:\/\/dgpp.de\/de\/preise-und-auszeichnungen\/innovations-preis-der-dgpp\/\"><br \/>\n<img decoding=\"async\" src=\"https:\/\/dgpp.de\/de\/\/wp-content\/uploads\/2023\/07\/dgpplogo_180x320.png\" alt=\"\"\/><br \/>\n<span>Innovationspreis der DGPP<\/span><\/a><\/div>\n<p><!--\n\n<div class=\"imglink\"><a href=\"[blogurl]preise-und-auszeichnungen\/xion-innovationspreis\/\">\n<img decoding=\"async\" src=\"[blogurl]wp-content\/uploads\/2020\/03\/xion2.png\" alt=\"\"\/>\n<span>XION Innovationspreis<\/span><\/a><\/div>\n\n--><\/p>\n<div class=\"imglink\"><a href=\"https:\/\/dgpp.de\/de\/preise-und-auszeichnungen\/goldschmidt-posterpreis\/\"><br \/>\n<img decoding=\"async\" src=\"https:\/\/dgpp.de\/de\/wp-content\/uploads\/2020\/03\/goldschmidt.png\" alt=\"\"\/><br \/>\n<span>Goldschmidt Posterpreis<\/span><\/a><\/div>\n<div class=\"imglink\"><a href=\"https:\/\/dgpp.de\/de\/preise-und-auszeichnungen\/tagungsstipendien\/\"><br \/>\n<img decoding=\"async\" src=\"https:\/\/dgpp.de\/de\/wp-content\/uploads\/2023\/07\/dgpplogo_180x320.png\" alt=\"\"\/><br \/>\n<span>Tagungsstipendien<\/span><\/a><\/div>\n<\/div>\n<h2>Fr\u00fcher vergebene DGPP-Preise<\/h2>\n<p>Die folgenden Preise werden nicht mehr von der DGPP vergeben. Wir bedanken uns f\u00fcr das langj\u00e4hrige Engagement der Stifter.<\/p>\n<div style=\"text-align:left\">\n<div class=\"imglink\"><a href=\"https:\/\/dgpp.de\/de\/preise-und-auszeichnungen\/annelie-frohn-preis\/\"><br \/>\n<img decoding=\"async\" src=\"https:\/\/dgpp.de\/de\/wp-content\/uploads\/2019\/09\/preis_frohn.png\" alt=\"\"\/><br \/>\n<span>Annelie-Frohn-Preis<\/span><\/a><\/div>\n<div class=\"imglink\"><a href=\"https:\/\/dgpp.de\/de\/preise-und-auszeichnungen\/atos-medical-preis-fuer-rehabilitation-in-der-phoniatrie-und-paedaudiologie\/\"><br \/>\n<img decoding=\"async\" src=\"https:\/\/dgpp.de\/de\/wp-content\/uploads\/2019\/09\/preis_atos.png\" alt=\"\"\/><br \/>\n<span>ATOS-MEDICAL-Preis f\u00fcr Rehabilitation in der Phoniatrie und P\u00e4daudiologie<\/span><\/a><\/div>\n<div class=\"imglink\"><a href=\"https:\/\/dgpp.de\/de\/preise-und-auszeichnungen\/rehder-posterpreis-der-dgpp\/\"><br \/>\n<img decoding=\"async\" src=\"https:\/\/dgpp.de\/de\/wp-content\/uploads\/2019\/09\/preis_poster.png\" alt=\"\"\/><br \/>\n<span>Rehder-Posterpreis der DGPP<\/span><\/a><\/div>\n<\/div>\n<h2>Verwandte Preise<\/h2>\n<p>Mit dem Fach Phoniatrie und P\u00e4daudiologie sind folgende Preise verwandt, die nicht von der DGPP vergeben werden:<\/p>\n<h3>Stiftungspreis der KIND H\u00f6rstiftung<\/h3>\n<p>F\u00fcr hervorragende Arbeiten aus den Bereichen Ursachenforschung, Fr\u00fcherkennung und Therapie von H\u00f6rsch\u00e4den sowie der Anpassung und Versorgung mit H\u00f6rger\u00e4ten, insbesondere bei Kindern, vergibt die KIND H\u00f6rstiftung alle zwei Jahre den mit 15.000 \u20ac dotierten Stiftungspreis. Der Preis kann einer Einzelpers\u00f6nlichkeit, einer Forschergruppe oder ausnahmsweise auch zu gleichen Teilen an zwei Preistr\u00e4ger verliehen werden. Es sind sowohl Vorschl\u00e4ge als auch Selbstbewerbungen zul\u00e4ssig. Bewerbungsfrist ist der 1. November des Vorjahres.<\/p>\n<p>Auskunft: KIND H\u00f6rstiftung, Kokenhorststr. 3-5, D-30938 Burgwedel, kontakt@kind-hoerstiftung.de<\/p>\n<h3>Hufeland-Preis zur F\u00f6rderung der Pr\u00e4ventivmedizin<\/h3>\n<p>Hufeland-Preis zur F\u00f6rderung der Pr\u00e4ventivmedizin der Bunde\u00e4rztekammer, der Bundeszahn\u00e4rztekammer, der Bundesvereinigung f\u00fcr Gesundheit e.V. und der Deutschen \u00c4rzteversicherung, Bewerbungen k\u00f6nnen bis zum 31. M\u00e4rz des laufenden Jahres eingereicht werden. &nbsp;<img src=\"http:\/\/dgpp.de\/de\/wp-content\/plugins\/wp-downloadmanager\/images\/ext\/pdf.gif\" alt=\"\" title=\"\" style=\"vertical-align: middle;\" \/>&nbsp;&nbsp;<a href=\"https:\/\/dgpp.de\/de\/download\/5\/\">Bewerbungshinweise zum Hufelandpreis<\/a>&nbsp;&nbsp;&nbsp;(35,7 KiB, 7.432 Aufrufe)&nbsp;&nbsp;<\/p>\n<h3>F\u00f6rderpreis der Forschungsgemeinschaft Deutscher H\u00f6rger\u00e4te-Akustiker<\/h3>\n<p>Die Stiftung &#8220;Forschungsgemeinschaft Deutscher H\u00f6rger\u00e4te-Akustiker&#8221; vergibt j\u00e4hrlich einen Preis f\u00fcr eine wissenschaftliche Arbeit aus Bereichen der medizinischen oder technischen Aspekte der H\u00f6rger\u00e4te-Versorgung. Der Preis besteht aus einer Urkunde und ist mit 5.000\u20ac dotiert. Weitere Informationen unter <a href=\"http:\/\/www.fdha.de\">www.fdha.de<\/a><\/p>\n","protected":false},"excerpt":{"rendered":"<p>Aktuelle DGPP-Preise Von der DGPP werden derzeit folgende Preise vergeben: Herrmann-Gutzmann-Medaille Verdienstmedaille der DGPP Gerhard-Kittel-Medaille zur F\u00f6rderung des wissenschaftlichen Nachwuchses Promotionspreis der KIND H\u00f6rstiftung Karl-Storz-Preis f\u00fcr Lehre in der Phoniatrie und P\u00e4daudiologie Innovationspreis der DGPP Goldschmidt Posterpreis Tagungsstipendien Fr\u00fcher vergebene DGPP-Preise Die folgenden Preise werden nicht mehr von der DGPP vergeben. Wir bedanken uns f\u00fcr <a href=\"https:\/\/dgpp.de\/de\/preise-und-auszeichnungen\/\" class=\"more-link\"> &#8230; weiterlesen<\/a><\/p>\n","protected":false},"author":1,"featured_media":0,"parent":0,"menu_order":0,"comment_status":"closed","ping_status":"closed","template":"","meta":{"_links_to":"","_links_to_target":""},"_links":{"self":[{"href":"https:\/\/dgpp.de\/de\/wp-json\/wp\/v2\/pages\/350"}],"collection":[{"href":"https:\/\/dgpp.de\/de\/wp-json\/wp\/v2\/pages"}],"about":[{"href":"https:\/\/dgpp.de\/de\/wp-json\/wp\/v2\/types\/page"}],"author":[{"embeddable":true,"href":"https:\/\/dgpp.de\/de\/wp-json\/wp\/v2\/users\/1"}],"replies":[{"embeddable":true,"href":"https:\/\/dgpp.de\/de\/wp-json\/wp\/v2\/comments?post=350"}],"version-history":[{"count":16,"href":"https:\/\/dgpp.de\/de\/wp-json\/wp\/v2\/pages\/350\/revisions"}],"predecessor-version":[{"id":2886,"href":"https:\/\/dgpp.de\/de\/wp-json\/wp\/v2\/pages\/350\/revisions\/2886"}],"wp:attachment":[{"href":"https:\/\/dgpp.de\/de\/wp-json\/wp\/v2\/media?parent=350"}],"curies":[{"name":"wp","href":"https:\/\/api.w.org\/{rel}","templated":true}]}}