{"id":2922,"date":"2026-04-14T16:31:37","date_gmt":"2026-04-14T14:31:37","guid":{"rendered":"https:\/\/dgpp.de\/de\/?page_id=2922"},"modified":"2026-04-14T18:10:47","modified_gmt":"2026-04-14T16:10:47","slug":"42-jahrestagung-2026-der-dgpp","status":"publish","type":"page","link":"https:\/\/dgpp.de\/de\/aktuelle-jahrestagung\/42-jahrestagung-2026-der-dgpp\/","title":{"rendered":"42. Jahrestagung 2026 der DGPP"},"content":{"rendered":"<h2 style=\"text-align: center;\">42. Jahrestagung der Deutschen Gesellschaft f\u00fcr Phoniatrie und P\u00e4daudiologie e.V.<\/h2>\n<h2 style=\"text-align: center;\">16. bis 19. September 2026<\/h2>\n<h3>Ort:<br \/>\nSchlossberghalle Starnberg<br \/>\nVogelanger 2<br \/>\n82319 Starnberg<\/h3>\n<p><strong>Wissenschaftliche Leitung<\/strong><br \/>\nPD Dr. med. Christina Pflug<\/p>\n<p><strong>Tagungspr\u00e4sident<\/strong><br \/>\nProf. Dr. med. Matthias Echternach<\/p>\n<p><strong>Abstracts<\/strong><br \/>\n<a href=\"https:\/\/portal.smart-abstract.com\/dgpp26\">Hier <\/a>k\u00f6nnen Sie Ihre Abstracts einreichen.<\/p>\n<p><strong>Hotelinformationen<\/strong><br \/>\n<a href=\"https:\/\/dgpp26.dgpp.de\/hotels.html\">Hier<\/a> finden Sie Hotels mit einem Abrufkontingent f\u00fcr die Jahrestagung.<\/p>\n<p><strong>Industrie<\/strong><br \/>\nDie Buchungsunterlagen f\u00fcr die Industriebeteiligung an der DGPP-Jahrestagung finden Sie hier:<br \/>\n<a href=\"http:\/\/dgpp26_industrie_buchungsformular_20260414.pdf\">Buchungsformular<\/a>\u00a0 und die <a href=\"http:\/\/dgpp26_agb_industrie_20260414.pdf\">AGB&#8217;s<\/a><br \/>\nBitte wenden Sie sich bei Interesse an das Team unserer Gesch\u00e4ftsstelle:<br \/>\nTel.: +49.(0) 173 6490187<br \/>\n<a href=\"mailto:tagung@dgpp.de\">tagung@dgpp.de<\/a><\/p>\n<p><strong>Kongressorganisation<\/strong><br \/>\nDeutsche Gesellschaft f\u00fcr Phoniatrie und P\u00e4daudiologie<br \/>\nc\/o Vokativ GmbH<br \/>\nRie\u00dfnerstr. 12b<br \/>\n99427 Weimar<\/p>\n<p>&nbsp;<\/p>\n<p>&nbsp;<\/p>\n<h3>Gru\u00dfwort<\/h3>\n<p><img decoding=\"async\" loading=\"lazy\" class=\"alignnone wp-image-2924\" src=\"https:\/\/dgpp.de\/de\/wp-content\/uploads\/2026\/04\/BildEchternach-scaled.jpg\" alt=\"\" width=\"314\" height=\"208\" srcset=\"https:\/\/dgpp.de\/de\/wp-content\/uploads\/2026\/04\/BildEchternach-scaled.jpg 2560w, https:\/\/dgpp.de\/de\/wp-content\/uploads\/2026\/04\/BildEchternach-300x199.jpg 300w, https:\/\/dgpp.de\/de\/wp-content\/uploads\/2026\/04\/BildEchternach-1024x678.jpg 1024w, https:\/\/dgpp.de\/de\/wp-content\/uploads\/2026\/04\/BildEchternach-1536x1017.jpg 1536w, https:\/\/dgpp.de\/de\/wp-content\/uploads\/2026\/04\/BildEchternach-2048x1356.jpg 2048w\" sizes=\"(max-width: 314px) 100vw, 314px\" \/><\/p>\n<p>Liebe Kolleginnen und Kollegen,<\/p>\n<p>es ist mir eine gro\u00dfe und besondere Freude, Sie f\u00fcr die Jahrestagung der Deutschen Gesellschaft f\u00fcr Phoniatrie und P\u00e4daudiologie erstmalig nach Starnberg einzuladen.<\/p>\n<p>Auch wenn wir den Standort aufgrund des nahenden Oktoberfest nicht in die Landeshauptstadt M\u00fcnchen, sondern ein wenig in die Peripherie nach Starnberg gelegt haben, soll der Schwerpunkt der Tagung vor allem in der zentralen Steuerung und Verarbeitung der Themengebiete liegen, die wir t\u00e4glich bei Patienten in unserem Facharztgebiet behandeln.<\/p>\n<p>So konnte es uns gelingen, f\u00fcr einen Hauptvortrag einen der wichtigsten Neurobiologen in der zentralen H\u00f6rverarbeitung, Prof. Dr. Eckhard Friauf, Emeritus der Universit\u00e4t Kaiserslautern, zu gewinnen. Daneben erwarte ich mit Spannung einen Vortrag zur zentralen Steuerung der menschlichen Stimmgebung durch Prof. Dr. Boris Kleber von der Universit\u00e4t Aarhus, D\u00e4nemark, der sich seit sehr vielen Jahren in diesem Bereich auch mit der Singstimme besch\u00e4ftigt. F\u00fcr das Sprechen und das Verst\u00e4ndnis der Sprechfunktion auch durch Modellingversuche\u00a0\u00a0konnten wir mit Prof. Dr. Peter Birkholz, Technische Universit\u00e4t Dresden, einen der international rennomiertesten Forscher auf diesem Gebiet gewinnen.<\/p>\n<p>Von \u00fcbergeordneter und zentraler Bedeutung sind zwei weitere Themenschwerpunkte der Hauptvortr\u00e4ge. So wird Herr PD Dr. Matthias Leonhardt von der Universit\u00e4t Wien, \u00d6sterreich, \u00fcber die Bedeutung und Anwendung der k\u00fcnstlichen Intelligenz in unserem Facharztgebiet sprechen. Und ebenso f\u00fcr uns und durch seine gro\u00dfen psychosomatischen Implikationen von enormer Bedeutung wird der Hauptvortrag meiner ehemaligen Chefin, Frau Prof. Dr. Spahn vom Freiburger Institut f\u00fcr Musikermedizin sein, der den Umgang mit schwierigen Patienten beleuchtet.<\/p>\n<p>Neben diesen Hauptvortr\u00e4gen werden auch erneut spannende Workshops im Vorfeld des Kongresses durchgef\u00fchrt, wobei ein Workshop \u00fcber Indikation, operative und konservative Therapie und Rehabilitation von kindlichen H\u00f6rst\u00f6rungen sich explizit an die Next Generation unserer Gesellschaft zusammen mit der jungen HNO richtet, damit sich hier ein nachhaltiger Kontakt aufbauen kann.<\/p>\n<p>Ich hoffe auch sehr, dass Sie ein wenig Zeit finden, die Natur des Ortes zu geniessen und Gespr\u00e4che mit Kollegen in dem wunderbaren Ambiente des Starnberger Sees zu f\u00fchren. Hierzu soll auch das Rahmenprogramm mit der Festsetzung im Bayerischen Yachtclub Starnberg sowie der Gesellschaftsabend mit einer Bootsfahrt auf dem Starnberger See dienen.<\/p>\n<p>F\u00fchlen Sie sich bitte sehr nach Starnberg eingeladen. Ich freue mich sehr darauf, Sie hier begr\u00fc\u00dfen zu d\u00fcrfen.<\/p>\n<p>Mit besten Gr\u00fc\u00dfen<\/p>\n<p>Prof. Dr. Matthias Echternach<\/p>\n","protected":false},"excerpt":{"rendered":"<p>42. Jahrestagung der Deutschen Gesellschaft f\u00fcr Phoniatrie und P\u00e4daudiologie e.V. 16. bis 19. September 2026 Ort: Schlossberghalle Starnberg Vogelanger 2 82319 Starnberg Wissenschaftliche Leitung PD Dr. med. Christina Pflug Tagungspr\u00e4sident Prof. Dr. med. Matthias Echternach Abstracts Hier k\u00f6nnen Sie Ihre Abstracts einreichen. Hotelinformationen Hier finden Sie Hotels mit einem Abrufkontingent f\u00fcr die Jahrestagung. Industrie Die <a href=\"https:\/\/dgpp.de\/de\/aktuelle-jahrestagung\/42-jahrestagung-2026-der-dgpp\/\" class=\"more-link\"> &#8230; weiterlesen<\/a><\/p>\n","protected":false},"author":1,"featured_media":2404,"parent":2779,"menu_order":0,"comment_status":"closed","ping_status":"closed","template":"","meta":{"_links_to":"","_links_to_target":""},"_links":{"self":[{"href":"https:\/\/dgpp.de\/de\/wp-json\/wp\/v2\/pages\/2922"}],"collection":[{"href":"https:\/\/dgpp.de\/de\/wp-json\/wp\/v2\/pages"}],"about":[{"href":"https:\/\/dgpp.de\/de\/wp-json\/wp\/v2\/types\/page"}],"author":[{"embeddable":true,"href":"https:\/\/dgpp.de\/de\/wp-json\/wp\/v2\/users\/1"}],"replies":[{"embeddable":true,"href":"https:\/\/dgpp.de\/de\/wp-json\/wp\/v2\/comments?post=2922"}],"version-history":[{"count":6,"href":"https:\/\/dgpp.de\/de\/wp-json\/wp\/v2\/pages\/2922\/revisions"}],"predecessor-version":[{"id":2933,"href":"https:\/\/dgpp.de\/de\/wp-json\/wp\/v2\/pages\/2922\/revisions\/2933"}],"up":[{"embeddable":true,"href":"https:\/\/dgpp.de\/de\/wp-json\/wp\/v2\/pages\/2779"}],"wp:featuredmedia":[{"embeddable":true,"href":"https:\/\/dgpp.de\/de\/wp-json\/wp\/v2\/media\/2404"}],"wp:attachment":[{"href":"https:\/\/dgpp.de\/de\/wp-json\/wp\/v2\/media?parent=2922"}],"curies":[{"name":"wp","href":"https:\/\/api.w.org\/{rel}","templated":true}]}}