{"id":279,"date":"2019-09-05T19:56:58","date_gmt":"2019-09-05T17:56:58","guid":{"rendered":"http:\/\/dgpp.de\/de\/?page_id=279"},"modified":"2022-11-06T13:36:11","modified_gmt":"2022-11-06T12:36:11","slug":"mitglieder","status":"publish","type":"page","link":"https:\/\/dgpp.de\/de\/mitglieder\/","title":{"rendered":"Gesch\u00fctzter Bereich &#8211; Anmeldung"},"content":{"rendered":"<h3>Dieser Bereich wird derzeit \u00fcberarbeitet.<\/h3>\n<p>Den Antrag auf Mitgliedschaft in der DGPP k\u00f6nnen Sie aber weiterhin auf der <a href=\"http:\/\/dgpp.de\/de\/mitglied-werden\/\">gesonderten Antragsseite<\/a> ausdrucken und an die <a href=\"http:\/\/dgpp.de\/de\/praesidium-vorstand\/\">Gesch\u00e4ftsstelle<\/a> schicken.<\/p>\n<p><!--Auf dieser Seite k\u00f6nnen sich die Mitglieder der DGPP \u00fcber ihren Nachnamen und ihre Mitgliedsnummer einloggen, um Zugriff auf vereinsinterne Nachrichten zu erhalten und den Status ihrer Mitgliedschaft abfragen. Den Antrag auf Mitgliedschaft in der DGPP k\u00f6nnen Sie auf der <a href=\"http:\/\/dgpp.de\/de\/mitglied-werden\/\">gesonderten Antragsseite<\/a> ausdrucken und an die <a href=\"http:\/\/dgpp.de\/de\/praesidium-vorstand\/\">Gesch\u00e4ftsstelle<\/a> schicken.\n\n[dgpp-member-login]--><\/p>\n","protected":false},"excerpt":{"rendered":"<p>Dieser Bereich wird derzeit \u00fcberarbeitet. Den Antrag auf Mitgliedschaft in der DGPP k\u00f6nnen Sie aber weiterhin auf der gesonderten Antragsseite ausdrucken und an die Gesch\u00e4ftsstelle schicken. <a href=\"https:\/\/dgpp.de\/de\/mitglieder\/\" class=\"more-link\"> &#8230; weiterlesen<\/a><\/p>\n","protected":false},"author":1,"featured_media":0,"parent":0,"menu_order":0,"comment_status":"closed","ping_status":"closed","template":"","meta":{"_links_to":"","_links_to_target":""},"_links":{"self":[{"href":"https:\/\/dgpp.de\/de\/wp-json\/wp\/v2\/pages\/279"}],"collection":[{"href":"https:\/\/dgpp.de\/de\/wp-json\/wp\/v2\/pages"}],"about":[{"href":"https:\/\/dgpp.de\/de\/wp-json\/wp\/v2\/types\/page"}],"author":[{"embeddable":true,"href":"https:\/\/dgpp.de\/de\/wp-json\/wp\/v2\/users\/1"}],"replies":[{"embeddable":true,"href":"https:\/\/dgpp.de\/de\/wp-json\/wp\/v2\/comments?post=279"}],"version-history":[{"count":3,"href":"https:\/\/dgpp.de\/de\/wp-json\/wp\/v2\/pages\/279\/revisions"}],"predecessor-version":[{"id":2066,"href":"https:\/\/dgpp.de\/de\/wp-json\/wp\/v2\/pages\/279\/revisions\/2066"}],"wp:attachment":[{"href":"https:\/\/dgpp.de\/de\/wp-json\/wp\/v2\/media?parent=279"}],"curies":[{"name":"wp","href":"https:\/\/api.w.org\/{rel}","templated":true}]}}