{"id":262,"date":"2019-09-05T19:51:11","date_gmt":"2019-09-05T17:51:11","guid":{"rendered":"http:\/\/dgpp.de\/de\/?page_id=262"},"modified":"2024-07-18T13:05:39","modified_gmt":"2024-07-18T11:05:39","slug":"leitlinien-konsensus","status":"publish","type":"page","link":"https:\/\/dgpp.de\/de\/leitlinien-konsensus\/","title":{"rendered":"Leitlinien, Konsensus"},"content":{"rendered":"<p>Die &#8220;Leitlinien&#8221; der Wissenschaftlichen Medizinischen Fachgesellschaften sind systematisch entwickelte Hilfen f\u00fcr \u00c4rzte zur Entscheidungsfindung in spezifischen Situationen. Sie beruhen auf aktuellen wissenschaftlichen Erkenntnissen und in der Praxis bew\u00e4hrten Verfahren und sorgen f\u00fcr mehr Sicherheit in der Medizin, sollen aber auch \u00f6konomische Aspekte ber\u00fccksichtigen. Die Leitlinien sind f\u00fcr \u00c4rzte rechtlich nicht bindend und haben daher weder haftungsbegr\u00fcndende noch haftungsbefreiende Wirkung.<\/p>\n<p>Die Deutsche Gesellschaft f\u00fcr Phoniatrie und P\u00e4daudiologie f\u00fchrt regelm\u00e4\u00dfig Konsensus-Konferenzen zu verschiedenen Themen durch. Die abgegebenen Stellungnahmen, Konsensus-Beschl\u00fcsse und Leitlinien finden Sie hier als PDF-Dateien. F\u00fcr die aktuell g\u00fcltigen Leitlinien der DGPP besuchen Sie bitte die <a href=\"https:\/\/www.awmf.org\/leitlinien\/aktuelle-leitlinien\/ll-liste\/deutsche-gesellschaft-fuer-phoniatrie-und-paedaudiologie-ev.html\" rel=\"noopener noreferrer\" target=\"_blank\">Homepage der AWMF<\/a> (Arbeitsgemeinschaft der Wissenschaftlichen Medizinischen Fachgesellschaften e.V.).<\/p>\n<h2>H\u00f6rst\u00f6rungen<\/h2>\n<ul class=\"dgppul\">\n<li><a href=\"https:\/\/dgpp.de\/de\/leitlinien-konsensus\/auditive-verarbeitungs-und-wahrnehmungsstoerung-avws\/\">Auditive Verarbeitungs- und Wahrnehmungsst\u00f6rung (AVWS)<\/a><\/li>\n<li><a href=\"https:\/\/dgpp.de\/de\/leitlinien-konsensus\/periphere-hoerstoerungen\/\">Periphere H\u00f6rst\u00f6rungen<\/a><\/li>\n<\/ul>\n<h2>Sprach- und Sprechst\u00f6rungen<\/h2>\n<ul class=\"dgppul\">\n<li><a href=\"https:\/\/dgpp.de\/de\/leitlinien-konsensus\/sprach-und-sprechstoerungen-sprachentwicklungsstoerungen-ses\/\">Sprach- und Sprechst\u00f6rungen, Sprachentwicklungsst\u00f6rungen (SES)<\/a><\/li>\n<\/ul>\n<h2>Stimmst\u00f6rungen<\/h2>\n<ul class=\"dgppul\">\n<li><a href=\"https:\/\/dgpp.de\/de\/leitlinien-konsensus\/stimmstoerungen\/\">Stimmst\u00f6rungen<\/a><\/li>\n<li><a href=\"https:\/\/dgpp.de\/de\/leitlinien-konsensus\/spasmodische-dysphonie\/\">Spasmodische Dysphonie<\/a><\/li>\n<li><a href=\"https:\/\/dgpp.de\/de\/leitlinien-konsensus\/voice-handicap-index-vhi\/\">Voice Handicap Index (VHI)<\/a><\/li>\n<li><a href=\"https:\/\/dgpp.de\/de\/leitlinien-konsensus\/singing-voice-handicap-index-svhi\/\">Singing Voice Handicap Index (SVHI)<\/a><\/li>\n<li><a href=\"https:\/\/dgpp.de\/de\/leitlinien-konsensus\/vokaltrakt-beschwerden-skala\/\">Vokaltrakt-Beschwerden Skala<\/a><\/li>\n<\/ul>\n<h2>Schluckst\u00f6rungen<\/h2>\n<ul class=\"dgppul\">\n<li><a href=\"https:\/\/dgpp.de\/de\/leitlinien-konsensus\/schluckstoerungen\/\">Schluckst\u00f6rungen<\/a><\/li>\n<\/ul>\n","protected":false},"excerpt":{"rendered":"<p>Die &#8220;Leitlinien&#8221; der Wissenschaftlichen Medizinischen Fachgesellschaften sind systematisch entwickelte Hilfen f\u00fcr \u00c4rzte zur Entscheidungsfindung in spezifischen Situationen. Sie beruhen auf aktuellen wissenschaftlichen Erkenntnissen und in der Praxis bew\u00e4hrten Verfahren und sorgen f\u00fcr mehr Sicherheit in der Medizin, sollen aber auch \u00f6konomische Aspekte ber\u00fccksichtigen. Die Leitlinien sind f\u00fcr \u00c4rzte rechtlich nicht bindend und haben daher weder <a href=\"https:\/\/dgpp.de\/de\/leitlinien-konsensus\/\" class=\"more-link\"> &#8230; weiterlesen<\/a><\/p>\n","protected":false},"author":1,"featured_media":0,"parent":0,"menu_order":0,"comment_status":"closed","ping_status":"closed","template":"","meta":{"_links_to":"","_links_to_target":""},"_links":{"self":[{"href":"https:\/\/dgpp.de\/de\/wp-json\/wp\/v2\/pages\/262"}],"collection":[{"href":"https:\/\/dgpp.de\/de\/wp-json\/wp\/v2\/pages"}],"about":[{"href":"https:\/\/dgpp.de\/de\/wp-json\/wp\/v2\/types\/page"}],"author":[{"embeddable":true,"href":"https:\/\/dgpp.de\/de\/wp-json\/wp\/v2\/users\/1"}],"replies":[{"embeddable":true,"href":"https:\/\/dgpp.de\/de\/wp-json\/wp\/v2\/comments?post=262"}],"version-history":[{"count":4,"href":"https:\/\/dgpp.de\/de\/wp-json\/wp\/v2\/pages\/262\/revisions"}],"predecessor-version":[{"id":2619,"href":"https:\/\/dgpp.de\/de\/wp-json\/wp\/v2\/pages\/262\/revisions\/2619"}],"wp:attachment":[{"href":"https:\/\/dgpp.de\/de\/wp-json\/wp\/v2\/media?parent=262"}],"curies":[{"name":"wp","href":"https:\/\/api.w.org\/{rel}","templated":true}]}}