{"id":2555,"date":"2023-11-13T11:20:55","date_gmt":"2023-11-13T10:20:55","guid":{"rendered":"https:\/\/dgpp.de\/de\/?page_id=2555"},"modified":"2025-10-21T16:10:40","modified_gmt":"2025-10-21T14:10:40","slug":"tagungsstipendien","status":"publish","type":"page","link":"https:\/\/dgpp.de\/de\/preise-und-auszeichnungen\/tagungsstipendien\/","title":{"rendered":"Tagungsstipendien"},"content":{"rendered":"<table class=\"dgpp_addr\">\n<tr>\n<th>Jahr<\/th>\n<th>Laureaten<\/th>\n<\/tr>\n<tr>\n<td>2025<\/td>\n<td>Dr. Martin Kampmann<br \/>Fiona Stritt<br \/>Dr. Samira Ira Zabaneh<\/td>\n<\/tr>\n<tr>\n<td>2024<\/td>\n<td>Mohamed Sameer Alfakiani,  M\u00fcnster<br \/>Dr. med. Maximilian G\u00e4nzle, Leipzig<br \/>Sophia Gantner, M\u00fcnchen<\/td>\n<\/tr>\n<tr>\n<td>2023<\/td>\n<td>Frederike Jansen, Rastede<br \/>PD Dr. med. Donata Gellrich, M\u00fcnchen<br \/>Dr. med. Lennart Heinrich Pieper, Berlin<\/td>\n<\/tr>\n<\/table>\n","protected":false},"excerpt":{"rendered":"<p>Jahr Laureaten 2025 Dr. Martin KampmannFiona StrittDr. Samira Ira Zabaneh 2024 Mohamed Sameer Alfakiani, M\u00fcnsterDr. med. Maximilian G\u00e4nzle, LeipzigSophia Gantner, M\u00fcnchen 2023 Frederike Jansen, RastedePD Dr. med. Donata Gellrich, M\u00fcnchenDr. med. Lennart Heinrich Pieper, Berlin <a href=\"https:\/\/dgpp.de\/de\/preise-und-auszeichnungen\/tagungsstipendien\/\" class=\"more-link\"> &#8230; weiterlesen<\/a><\/p>\n","protected":false},"author":1,"featured_media":0,"parent":350,"menu_order":0,"comment_status":"closed","ping_status":"closed","template":"","meta":{"_links_to":"","_links_to_target":""},"_links":{"self":[{"href":"https:\/\/dgpp.de\/de\/wp-json\/wp\/v2\/pages\/2555"}],"collection":[{"href":"https:\/\/dgpp.de\/de\/wp-json\/wp\/v2\/pages"}],"about":[{"href":"https:\/\/dgpp.de\/de\/wp-json\/wp\/v2\/types\/page"}],"author":[{"embeddable":true,"href":"https:\/\/dgpp.de\/de\/wp-json\/wp\/v2\/users\/1"}],"replies":[{"embeddable":true,"href":"https:\/\/dgpp.de\/de\/wp-json\/wp\/v2\/comments?post=2555"}],"version-history":[{"count":5,"href":"https:\/\/dgpp.de\/de\/wp-json\/wp\/v2\/pages\/2555\/revisions"}],"predecessor-version":[{"id":2884,"href":"https:\/\/dgpp.de\/de\/wp-json\/wp\/v2\/pages\/2555\/revisions\/2884"}],"up":[{"embeddable":true,"href":"https:\/\/dgpp.de\/de\/wp-json\/wp\/v2\/pages\/350"}],"wp:attachment":[{"href":"https:\/\/dgpp.de\/de\/wp-json\/wp\/v2\/media?parent=2555"}],"curies":[{"name":"wp","href":"https:\/\/api.w.org\/{rel}","templated":true}]}}