{"id":254,"date":"2019-09-05T17:56:05","date_gmt":"2019-09-05T15:56:05","guid":{"rendered":"http:\/\/dgpp.de\/de\/?page_id=254"},"modified":"2026-04-17T11:01:02","modified_gmt":"2026-04-17T09:01:02","slug":"willkommen","status":"publish","type":"page","link":"https:\/\/dgpp.de\/de\/","title":{"rendered":"Willkommen"},"content":{"rendered":"<div style=\"border: 2px solid #f28c15; outline: #668065 solid 10px; margin: auto; padding: 20px; text-align: center; font-weight: bold; font-size: 1.7em; line-height: 1.7em;\">Erste Informationen zur 42. Jahrestagung 2026 der DGPP in Starnberg finden Sie <a href=\"https:\/\/dgpp.de\/de\/aktuelle-jahrestagung\/42-jahrestagung-2026-der-dgpp\/\" target=\"_blank\" rel=\"noopener\">hier \u00bb<\/a><\/div>\n<p>&nbsp;<\/p>\n<p><img decoding=\"async\" class=\"imgright\" src=\"https:\/\/dgpp.de\/de\/wp-content\/uploads\/2019\/09\/P6170129klein.jpg\" alt=\"\" \/>Herzlich willkommen auf der Homepage der Deutschen Gesellschaft f\u00fcr Phoniatrie und P\u00e4daudiologie e.V. (DGPP). Die DGPP ist eine ist eine wissenschaftliche Vereinigung von (\u00fcberwiegend) \u00c4rzten, die sich auf die p\u00e4diatrische Audiologie sowie auf die Bereiche Sprach-, Stimm- und Schluckpathologie spezialisiert haben.<\/p>\n<p>Die Aufgaben der Phoniatrie und P\u00e4daudiologie umfassen die Diagnose, Behandlung und Forschung in den Bereichen Stimmst\u00f6rungen, H\u00f6rst\u00f6rungen bei Kindern, H\u00f6rst\u00f6rungen, beeintr\u00e4chtigte Sprach- und Sprachentwicklung, erworbene Sprach- und Sprachst\u00f6rungen (z. B. Aphasie) und Schluckst\u00f6rungen. Am wichtigsten ist die interdisziplin\u00e4re Zusammenarbeit mit der Hals-Nasen-Ohren-Medizin, der P\u00e4diatrie, der Neurologie, der Mund-Kiefer-Gesichtschirurgie und der Kieferorthop\u00e4die. Dar\u00fcber hinaus bestehen Kooperationen mit Psychologen, P\u00e4dagogen, Orthop\u00e4den und H\u00f6rger\u00e4teakustikern.<\/p>\n<p>Die Spezialisierung zum Arzt dauert mindestens 5 Jahre. Es ist ein gemischtes, chirurgisch-konservatives Gebiet, jedoch steht die chirurgische T\u00e4tigkeit nicht im Vordergrund.<\/p>\n<h2>Phoniatrie und P\u00e4daudiologie<\/h2>\n<p><img decoding=\"async\" class=\"imgright\" style=\"width: 200px;\" src=\"https:\/\/dgpp.de\/de\/wp-content\/uploads\/2019\/09\/klinikfoto_CI.jpg\" alt=\"\" \/>Die Phoniatrie und P\u00e4daudiologie als medizinisch-wissenschaftliche Disziplin hat ihre Wurzeln in der Hals-Nasen-Ohrenheilkunde. Sie ist ein selbst\u00e4ndiges medizinisches Wissens- und Forschungsgebiet, das sich mit folgenden T\u00e4tigkeitsbereichen befasst:<\/p>\n<ul class=\"dgppul\">\n<li>Universelles Neugeborenenh\u00f6rscreening<\/li>\n<li>Fr\u00fcherkennung und Fr\u00fchbehandlung von kindlichen H\u00f6rst\u00f6rungen<\/li>\n<li>St\u00f6rungen der Sprachentwicklung<\/li>\n<li>St\u00f6rungen der Mund-, Zungen-, Kau- und Rachenmotorik einschlie\u00dflich m\u00f6glicher St\u00f6rungen des Kieferwachstums und der Zahnentwicklung<\/li>\n<li>St\u00f6rungen der Nasenresonanz beim Sprechen (geschlossenes oder offenes N\u00e4seln)<\/li>\n<li>Redeflu\u00dfst\u00f6rungen (Stottern, Poltern)<\/li>\n<li>Wahrnehmungsst\u00f6rungen einschlie\u00dflich besonderer Probleme von Schulkindern beim Lesen und Rechtschreiben<\/li>\n<li>Erworbene Sprech-, Sprach- und Stimmst\u00f6rungen bei Nervenkrankheiten (z.B. bei Durchblutungsst\u00f6rungen des Gehirns, Schlaganfall, Morbus Parkinson, Multiple Sklerose)<\/li>\n<li>Erworbene Sprech- und Schluckst\u00f6rungen bei Erkrankungen im Mund-, Kiefer- und Gesichtsbereich<\/li>\n<li>Schluckst\u00f6rungen bei Erkrankungen im Hals- und Brustbereich<\/li>\n<li>Organische, funktionelle und psychogene Sprech- und Stimmst\u00f6rungen einschlie\u00dflich Rehabilitation nach operativen Eingriffen im Kopf-Hals-Bereich<\/li>\n<li>Durchf\u00fchrung stimmverbessernder Eingriffe (z.B. bei Patienten mit bestimmten einseitigen chronischen Stimmlippenl\u00e4hmungen)<\/li>\n<li>Durchf\u00fchrung stimmver\u00e4ndernder Eingriffe (z.B. bei transsexuellen Menschen)<\/li>\n<\/ul>\n<h2><a href=\"https:\/\/dgpp.de\/de\/category\/nachrichten\/\">Aktuelle Nachrichten<\/a><\/h2>\n<p>Weitere Nachrichten finden Sie in unserem <a href=\"https:\/\/dgpp.de\/de\/category\/nachrichten\/\">Nachrichtenarchiv<\/a>.<\/p>\n<div  class=\"rpwe-block\"><ul class=\"rpwe-ul\"><li class=\"rpwe-li rpwe-clearfix\"><h3 class=\"rpwe-title\"><a href=\"https:\/\/dgpp.de\/de\/nachruf-prof-dr-med-juergen-wendler\/\" target=\"_self\">Nachruf Prof. Dr. med. J\u00fcrgen Wendler<\/a><\/h3><time class=\"rpwe-time published\" datetime=\"2025-03-10T11:31:25+01:00\">10. M\u00e4rz 2025<\/time><\/li><\/ul><\/div><!-- Generated by http:\/\/wordpress.org\/plugins\/recent-posts-widget-extended\/ -->\n<h2><a href=\"https:\/\/dgpp.de\/de\/category\/stellen\/\">Aktuelle Stellenangebote<\/a><\/h2>\n<p>Weitere Angebote finden Sie in unserer <a href=\"https:\/\/dgpp.de\/de\/category\/stellen\/\">Liste aller Stellenangebote<\/a>. F\u00fcr die Aufgabe von eigenen Stellenangeboten kontaktieren Sie bitte die <a href=\"https:\/\/dgpp.de\/de\/praesidium-vorstand\/\">Gesch\u00e4ftsstelle der DGPP<\/a>. Ihr Stellenangebot sollte nicht l\u00e4nger als eine DIN A4 Seite sein und als PDF-Dokument verschickt werden. Bitte beachten Sie, dass alle Angebote nach 6 Monaten automatisch gel\u00f6scht werden.<\/p>\n<div  class=\"rpwe-block\"><ul class=\"rpwe-ul\"><li class=\"rpwe-li rpwe-clearfix\"><h3 class=\"rpwe-title\"><a href=\"https:\/\/dgpp.de\/de\/praxisanteil-an-gemeinschaftspraxis-in-21356-adendorf\/\" target=\"_self\">Praxisanteil an Gemeinschaftspraxis in 21356 Adendorf<\/a><\/h3><time class=\"rpwe-time published\" datetime=\"2026-03-02T09:55:53+01:00\">2. M\u00e4rz 2026<\/time><\/li><li class=\"rpwe-li rpwe-clearfix\"><h3 class=\"rpwe-title\"><a href=\"https:\/\/dgpp.de\/de\/hno-aerztin-mit-subspezialisierung-phoniatrie-und-paedaudiologie-gesucht-zuerich\/\" target=\"_self\">HNO-\u00c4rzt:in mit Subspezialisierung Phoniatrie und P\u00e4daudiologie gesucht (Z\u00fcrich)<\/a><\/h3><time class=\"rpwe-time published\" datetime=\"2025-12-18T09:41:41+01:00\">18. Dezember 2025<\/time><\/li><li class=\"rpwe-li rpwe-clearfix\"><h3 class=\"rpwe-title\"><a href=\"https:\/\/dgpp.de\/de\/hno-phoniatrie-und-paedaudiologie-bereich-weser-ems-mitarbeit-und-zeitnahe-praxisuebernahme\/\" target=\"_self\">HNO, Phoniatrie und P\u00e4daudiologie (Bereich Weser Ems) \u2013 Mitarbeit und zeitnahe Praxis\u00fcbernahme<\/a><\/h3><time class=\"rpwe-time published\" datetime=\"2025-10-29T09:11:13+01:00\">29. Oktober 2025<\/time><\/li><li class=\"rpwe-li rpwe-clearfix\"><h3 class=\"rpwe-title\"><a href=\"https:\/\/dgpp.de\/de\/logopaedin-w-m-d-in-celle\/\" target=\"_self\">Logop\u00e4din (W\/M\/D) in Celle<\/a><\/h3><time class=\"rpwe-time published\" datetime=\"2025-09-16T11:06:39+02:00\">16. September 2025<\/time><\/li><li class=\"rpwe-li rpwe-clearfix\"><h3 class=\"rpwe-title\"><a href=\"https:\/\/dgpp.de\/de\/fachaerztin-arzt-fuer-hno-zur-ausbildung-oder-fachaerztin-arzt-in-phoniatrie-und-paedaudiologie-lkh-innsbruck\/\" target=\"_self\">Fach\u00e4rztin\/-arzt f\u00fcr HNO zur Ausbildung oder Fach\u00e4rztin\/-arzt in Phoniatrie und P\u00e4daudiologie, LKH Innsbruck<\/a><\/h3><time class=\"rpwe-time published\" datetime=\"2025-09-09T16:42:28+02:00\">9. September 2025<\/time><\/li><\/ul><\/div><!-- Generated by http:\/\/wordpress.org\/plugins\/recent-posts-widget-extended\/ -->\n","protected":false},"excerpt":{"rendered":"<p>Erste Informationen zur 42. Jahrestagung 2026 der DGPP in Starnberg finden Sie hier \u00bb &nbsp; Herzlich willkommen auf der Homepage der Deutschen Gesellschaft f\u00fcr Phoniatrie und P\u00e4daudiologie e.V. (DGPP). Die DGPP ist eine ist eine wissenschaftliche Vereinigung von (\u00fcberwiegend) \u00c4rzten, die sich auf die p\u00e4diatrische Audiologie sowie auf die Bereiche Sprach-, Stimm- und Schluckpathologie spezialisiert <a href=\"https:\/\/dgpp.de\/de\/fachaerztin-arzt-fuer-hno-zur-ausbildung-oder-fachaerztin-arzt-in-phoniatrie-und-paedaudiologie-lkh-innsbruck\/\" class=\"more-link\"> &#8230; weiterlesen<\/a><\/p>\n","protected":false},"author":1,"featured_media":0,"parent":0,"menu_order":0,"comment_status":"closed","ping_status":"closed","template":"","meta":{"_links_to":"","_links_to_target":""},"_links":{"self":[{"href":"https:\/\/dgpp.de\/de\/wp-json\/wp\/v2\/pages\/254"}],"collection":[{"href":"https:\/\/dgpp.de\/de\/wp-json\/wp\/v2\/pages"}],"about":[{"href":"https:\/\/dgpp.de\/de\/wp-json\/wp\/v2\/types\/page"}],"author":[{"embeddable":true,"href":"https:\/\/dgpp.de\/de\/wp-json\/wp\/v2\/users\/1"}],"replies":[{"embeddable":true,"href":"https:\/\/dgpp.de\/de\/wp-json\/wp\/v2\/comments?post=254"}],"version-history":[{"count":36,"href":"https:\/\/dgpp.de\/de\/wp-json\/wp\/v2\/pages\/254\/revisions"}],"predecessor-version":[{"id":2936,"href":"https:\/\/dgpp.de\/de\/wp-json\/wp\/v2\/pages\/254\/revisions\/2936"}],"wp:attachment":[{"href":"https:\/\/dgpp.de\/de\/wp-json\/wp\/v2\/media?parent=254"}],"curies":[{"name":"wp","href":"https:\/\/api.w.org\/{rel}","templated":true}]}}