{"id":2407,"date":"2023-07-13T09:34:45","date_gmt":"2023-07-13T07:34:45","guid":{"rendered":"https:\/\/dgpp.de\/de\/?page_id=2407"},"modified":"2025-10-21T16:04:40","modified_gmt":"2025-10-21T14:04:40","slug":"innovations-preis-der-dgpp","status":"publish","type":"page","link":"https:\/\/dgpp.de\/de\/preise-und-auszeichnungen\/innovations-preis-der-dgpp\/","title":{"rendered":"Innovationspreis der DGPP"},"content":{"rendered":"<p>F\u00fcr innovative Projekte sowie Methoden im medizinischen Bereich der Diagnostik, Therapie oder Rehabilitation von Sprach-, Stimm-, Schluck- und kindlichen H\u00f6rst\u00f6rungen vergibt die DGPP j\u00e4hrlich einen mit 1.000\u20ac dotierten Innovationspreis im Rahmen ihrer Jahrestagung.<\/p>\n<h3>Voraussetzungen<\/h3>\n<p>Sowohl eine Selbst- wie auch eine Vorschlagsbewerbung f\u00fcr den Innovationspreis sind m\u00f6glich. Vorschlagsberechtigt sind alle DGPP-Mitglieder und dar\u00fcber hinaus alle Hochschuldozenten. Die Innovation muss im Wesentlichen zur Verbesserung der Patientenversorgung und\/oder der Forschung auf dem Gebiet der Phoniatrie und P\u00e4daudiologie beitragen. Zudem sollte sie in einem wissenschaftlichen Journal mit Peer-Review-Verfahren publiziert sein. In Ausnahmef\u00e4llen ist auch die Auszeichnung besonderer Methoden und Projekte m\u00f6glich, die nicht die \u00fcblichen Publikationskriterien der DGPP erf\u00fcllen.<\/p>\n<h3>Bewerbungsverfahren<\/h3>\n<p>Die Bewerbung bzw. der Vorschlag samt Unterlagen sind beim Pr\u00e4sidenten bzw. bei der Pr\u00e4sidentin der DGPP in digitaler Form (bspw. als .pdf-Datei via E-Mail-Anhang) bis zum 15. Juli eines jeden Jahres einzureichen. Der Vorschlag wird von einem benannten Gremium der DGPP gepr\u00fcft. Der Preis wird \u00fcblicherweise im Rahmen der wissenschaftlichen Jahrestagung der DGPP verliehen.<\/p>\n<h2>Laureaten des Innovationspreises<\/h2>\n<table class=\"dgpp_addr\">\n<tbody>\n<tr>\n<th>Jahr<\/th>\n<th>Laureaten<\/th>\n<\/tr>\n<tr>\n<td>2025<\/td>\n<td>Prof. Dr. Philipp P. Caffier, Berlin<br \/>Dr. Sebastian Weikert, Regensburg<\/td>\n<\/tr>\n<tr>\n<td>2024<\/td>\n<td>Dr. Almut Nie\u00dfen, Hamburg<\/td>\n<\/tr>\n<tr>\n<td>2023<\/td>\n<td>Dr. Johannes Fischer, Freiburg im Breisgau<\/td>\n<\/tr>\n<tr>\n<td>2022<\/td>\n<td>Dr.-Ing. Mario Fleischer, Berlin<\/td>\n<\/tr>\n<tr>\n<td>2021<\/td>\n<td>Prof. Dr. Andreas Kist, Erlangen<\/td>\n<\/tr>\n<\/tbody>\n<\/table>\n","protected":false},"excerpt":{"rendered":"<p>F\u00fcr innovative Projekte sowie Methoden im medizinischen Bereich der Diagnostik, Therapie oder Rehabilitation von Sprach-, Stimm-, Schluck- und kindlichen H\u00f6rst\u00f6rungen vergibt die DGPP j\u00e4hrlich einen mit 1.000\u20ac dotierten Innovationspreis im Rahmen ihrer Jahrestagung. Voraussetzungen Sowohl eine Selbst- wie auch eine Vorschlagsbewerbung f\u00fcr den Innovationspreis sind m\u00f6glich. Vorschlagsberechtigt sind alle DGPP-Mitglieder und dar\u00fcber hinaus alle Hochschuldozenten. <a href=\"https:\/\/dgpp.de\/de\/preise-und-auszeichnungen\/innovations-preis-der-dgpp\/\" class=\"more-link\"> &#8230; weiterlesen<\/a><\/p>\n","protected":false},"author":1,"featured_media":0,"parent":350,"menu_order":0,"comment_status":"closed","ping_status":"closed","template":"","meta":{"_links_to":"","_links_to_target":""},"_links":{"self":[{"href":"https:\/\/dgpp.de\/de\/wp-json\/wp\/v2\/pages\/2407"}],"collection":[{"href":"https:\/\/dgpp.de\/de\/wp-json\/wp\/v2\/pages"}],"about":[{"href":"https:\/\/dgpp.de\/de\/wp-json\/wp\/v2\/types\/page"}],"author":[{"embeddable":true,"href":"https:\/\/dgpp.de\/de\/wp-json\/wp\/v2\/users\/1"}],"replies":[{"embeddable":true,"href":"https:\/\/dgpp.de\/de\/wp-json\/wp\/v2\/comments?post=2407"}],"version-history":[{"count":8,"href":"https:\/\/dgpp.de\/de\/wp-json\/wp\/v2\/pages\/2407\/revisions"}],"predecessor-version":[{"id":2880,"href":"https:\/\/dgpp.de\/de\/wp-json\/wp\/v2\/pages\/2407\/revisions\/2880"}],"up":[{"embeddable":true,"href":"https:\/\/dgpp.de\/de\/wp-json\/wp\/v2\/pages\/350"}],"wp:attachment":[{"href":"https:\/\/dgpp.de\/de\/wp-json\/wp\/v2\/media?parent=2407"}],"curies":[{"name":"wp","href":"https:\/\/api.w.org\/{rel}","templated":true}]}}