{"id":12,"date":"2019-09-03T01:47:47","date_gmt":"2019-09-02T23:47:47","guid":{"rendered":"http:\/\/dgpp.de\/de\/?page_id=12"},"modified":"2026-04-09T11:02:36","modified_gmt":"2026-04-09T09:02:36","slug":"impressum","status":"publish","type":"page","link":"https:\/\/dgpp.de\/de\/impressum\/","title":{"rendered":"Impressum"},"content":{"rendered":"<p>Die Erstellung und Wartung der Website wurde in Auftrag gegeben vom Pr\u00e4sidium der Deutschen Gesellschaft f\u00fcr Phoniatrie und P\u00e4daudiologie<\/p>\n<p>Deutsche Gesellschaft f\u00fcr Phoniatrie und P\u00e4daudiologie e.V.<br \/>\nVereinsregisternummer: 20708, Vereinsregister F\u00fcrth<\/p>\n<h3>Gesch\u00e4ftsstelle<\/h3>\n<p>Olaf Theuerkauf<br \/>\nc\/o Vokativ GmbH<br \/>\nRie\u00dfnerstr. 12b<br \/>\n99427 Weimar<\/p>\n<p>Tel. +49 (0)173 6490187<br \/>\noffice@dgpp.de<\/p>\n<h3>Webmaster<\/h3>\n<p>PD Dr. med. Philipp P. Caffier<br \/>\nwebmaster@dgpp.de<\/p>\n<h3>Inhalt des Onlineangebotes<\/h3>\n<p>Der Herausgeber \u00fcbernimmt keinerlei Gew\u00e4hr f\u00fcr die Aktualit\u00e4t, Korrektheit, Vollst\u00e4ndigkeit oder Qualit\u00e4t der bereitgestellten Informationen. Haftungsanspr\u00fcche gegen den Herausgeber, welche sich auf Sch\u00e4den materieller oder ideeller Art beziehen, die durch die Nutzung oder Nichtnutzung der dargebotenen Informationen bzw. durch die Nutzung fehlerhafter und unvollst\u00e4ndiger Informationen verursacht wurden, sind grunds\u00e4tzlich ausgeschlossen. Der Herausgeber beh\u00e4lt es sich ausdr\u00fccklich vor, Teile der Seiten oder das gesamte Angebot ohne gesonderte Ank\u00fcndigung zu ver\u00e4ndern, zu erg\u00e4nzen, zu l\u00f6schen oder die Ver\u00f6ffentlichung zeitweise oder endg\u00fcltig einzustellen.<\/p>\n<h3>Verweise und Links<\/h3>\n<p>F\u00fcr alle direkten oder indirekten Verweise auf fremde Webseiten (&#8220;Hyperlinks&#8221;), die au\u00dferhalb des Verantwortungsbereiches des Herausgebers liegen, wird keine Haftung \u00fcbernommen. Der Herausgeber erkl\u00e4rt hiermit ausdr\u00fccklich, dass zum Zeitpunkt der Linksetzung keine illegalen Inhalte auf den zu verlinkenden Seiten erkennbar waren. Auf die aktuelle und zuk\u00fcnftige Gestaltung, die Inhalte oder die Urheberschaft der gelinkten\/verkn\u00fcpften Seiten hat der Herausgeber keinerlei Einfluss. Deshalb distanziert er sich hiermit ausdr\u00fccklich von allen Inhalten aller gelinkten\/verkn\u00fcpften Seiten, die nach der Linksetzung ver\u00e4ndert wurden. F\u00fcr illegale, fehlerhafte oder unvollst\u00e4ndige Inhalte und insbesondere f\u00fcr Sch\u00e4den, die aus der Nutzung oder Nichtnutzung solcherart dargebotener Informationen entstehen, haftet allein der Anbieter der Seite, auf welche verwiesen wurde, nicht derjenige, der \u00fcber Links auf die jeweilige Ver\u00f6ffentlichung lediglich verweist.<\/p>\n<h3>Urheber- und Kennzeichenrecht<\/h3>\n<p>Der Herausgeber ist bestrebt, in allen Publikationen die Urheberrechte der verwendeten Grafiken, Tondokumente, Videosequenzen und Texte zu beachten, von ihm selbst erstellte Grafiken, Tondokumente, Videosequenzen und Texte zu nutzen oder auf lizenzfreie Grafiken, Tondokumente, Videosequenzen und Texte zur\u00fcckzugreifen. Alle innerhalb des Internetangebotes genannten und ggf. durch Dritte gesch\u00fctzten Marken- und Warenzeichen unterliegen uneingeschr\u00e4nkt den Bestimmungen des jeweils g\u00fcltigen Kennzeichenrechts und den Besitzrechten der jeweiligen eingetragenen Eigent\u00fcmer. Allein aufgrund der blo\u00dfen Nennung ist nicht der Schluss zu ziehen, dass Markenzeichen nicht durch Rechte Dritter gesch\u00fctzt sind! Das Copyright f\u00fcr ver\u00f6ffentlichte, vom Herausgeber selbst erstellte Objekte bleibt allein beim Herausgeber der Seiten. Eine Vervielf\u00e4ltigung oder Verwendung solcher Grafiken, Tondokumente, Videosequenzen und Texte in anderen elektronischen oder gedruckten Publikationen ist ohne ausdr\u00fcckliche Zustimmung des Herausgebers nicht gestattet.<\/p>\n<p>Seite &#8220;Jahrestagung&#8221;, Banner 2019: G\u00f6ttingen Tourismus e.V. &#8211; <a href=\"http:\/\/dgpp.de\/de\/wp-content\/uploads\/2019\/09\/jahrestagung-Goettingen2019.png\" rel=\"noopener noreferrer\" target=\"_blank\">zum Bild<\/a><\/p>\n<h3>WordPress-Lizenz<\/h3>\n<p>The license under which the WordPress software is released is the GPLv2 (or later) from the Free Software Foundation. A copy of the license is included with every copy of WordPress, but you can also <a href=\"https:\/\/www.gnu.org\/licenses\/old-licenses\/gpl-2.0.en.html\" rel=\"noopener noreferrer\" target=\"_blank\">read the text of the license here<\/a>.<\/p>\n<p>This program is distributed in the hope that it will be useful, but WITHOUT ANY WARRANTY; without even the implied warranty of MERCHANTABILITY or FITNESS FOR A PARTICULAR PURPOSE. See the GNU General Public License for more details.<\/p>\n","protected":false},"excerpt":{"rendered":"<p>Die Erstellung und Wartung der Website wurde in Auftrag gegeben vom Pr\u00e4sidium der Deutschen Gesellschaft f\u00fcr Phoniatrie und P\u00e4daudiologie Deutsche Gesellschaft f\u00fcr Phoniatrie und P\u00e4daudiologie e.V. Vereinsregisternummer: 20708, Vereinsregister F\u00fcrth Gesch\u00e4ftsstelle Olaf Theuerkauf c\/o Vokativ GmbH Rie\u00dfnerstr. 12b 99427 Weimar Tel. +49 (0)173 6490187 office@dgpp.de Webmaster PD Dr. med. Philipp P. Caffier webmaster@dgpp.de Inhalt des <a href=\"https:\/\/dgpp.de\/de\/impressum\/\" class=\"more-link\"> &#8230; weiterlesen<\/a><\/p>\n","protected":false},"author":1,"featured_media":0,"parent":0,"menu_order":0,"comment_status":"closed","ping_status":"closed","template":"","meta":{"_links_to":"","_links_to_target":""},"_links":{"self":[{"href":"https:\/\/dgpp.de\/de\/wp-json\/wp\/v2\/pages\/12"}],"collection":[{"href":"https:\/\/dgpp.de\/de\/wp-json\/wp\/v2\/pages"}],"about":[{"href":"https:\/\/dgpp.de\/de\/wp-json\/wp\/v2\/types\/page"}],"author":[{"embeddable":true,"href":"https:\/\/dgpp.de\/de\/wp-json\/wp\/v2\/users\/1"}],"replies":[{"embeddable":true,"href":"https:\/\/dgpp.de\/de\/wp-json\/wp\/v2\/comments?post=12"}],"version-history":[{"count":3,"href":"https:\/\/dgpp.de\/de\/wp-json\/wp\/v2\/pages\/12\/revisions"}],"predecessor-version":[{"id":2921,"href":"https:\/\/dgpp.de\/de\/wp-json\/wp\/v2\/pages\/12\/revisions\/2921"}],"wp:attachment":[{"href":"https:\/\/dgpp.de\/de\/wp-json\/wp\/v2\/media?parent=12"}],"curies":[{"name":"wp","href":"https:\/\/api.w.org\/{rel}","templated":true}]}}