{"id":1027,"date":"2020-03-19T11:04:34","date_gmt":"2020-03-19T10:04:34","guid":{"rendered":"https:\/\/dgpp.de\/de\/?page_id=1027"},"modified":"2025-10-21T16:05:56","modified_gmt":"2025-10-21T14:05:56","slug":"goldschmidt-posterpreis","status":"publish","type":"page","link":"https:\/\/dgpp.de\/de\/preise-und-auszeichnungen\/goldschmidt-posterpreis\/","title":{"rendered":"Goldschmidt-Posterpreis"},"content":{"rendered":"<p>Die Praxis Goldschmidt in Diepholz steht mitten im Alltag der fach\u00e4rztlichen Grundversorgung f\u00fcr die Phoniatrie und P\u00e4daudiologie sowie die Hals-Nasen-Ohrenheilkunde. F\u00fcr das beste Poster der DGPP-Jahrestagung haben die Dres. med. Goldschmidt erstmals im Jahr 2019 den mit 1000\u20ac dotierten Goldschmidt-Posterpreis ausgelobt, der nicht an ein spezielles Thema gebunden ist. Es werden ausschlie\u00dflich Beitr\u00e4ge in Betracht gezogen, die aktuell auf der Jahrestagung gezeigt werden und deren Erstautor bei der Begehung Rede und Antwort steht. Die Preisstifter haben selbst Forschungsarbeiten in den Fachgebieten durchgef\u00fchrt und sind sich der Bedeutung klinischer Studien f\u00fcr das Weiterkommen des Fachwissens sowie der H\u00fcrden bei der Umsetzung in den Praxisalltag bewusst. Mit dem Preis m\u00f6chten sie junge Kollegen in der Forschung und in den Universit\u00e4ten insbesondere dazu ermutigen, bei der Wahl ihrer Themen und der Ausarbeitung ihrer Studien den Blick von der universit\u00e4ren fachlichen Theorie auch zur praktischen Anwendung im Alltag zu richten.<\/p>\n<h3>Voraussetzungen<\/h3>\n<p>Bewerbungen sind mit der elektronischen Poster-Anmeldung zur jeweiligen Jahrestagung im Anmeldeformular zu kennzeichnen. Der Kandidat oder die Kandidatin darf selbst KEINE leitende Position innehaben. <\/p>\n<h3>Bewertungskriterien<\/h3>\n<p>Bewertungskriterien sind Originalit\u00e4t, Methodik, Ergebnisse, Diskussion, Stil und grafische Gestaltung. Die Bewertung erfolgt durch die Teilnehmer der Tagung mittels Punkten, die auf das Poster aufgeklebt werden d\u00fcrfen. Die DGPP-Poster-Kommission \u00fcberwacht die Abstimmung und stellt das Ergebnis fest. Die Verleihung des Posterpreises ist am Samstagabend vorgesehen.<\/p>\n<h2>Laureaten des Goldschmidt-Posterpreises<\/h2>\n<table class=\"dgpp_addr\">\n<tr>\n<th>Jahr<\/th>\n<th>Laureaten<\/th>\n<\/tr>\n<tr>\n<td>2025<\/td>\n<td>Dr. Martin Otte, K\u00f6ln<\/td>\n<\/tr>\n<tr>\n<td>2024<\/td>\n<td>Dr. med. Anke Britta Hirschfelder, Berlin<\/td>\n<\/tr>\n<tr>\n<td>2023<\/td>\n<td>Berrit Husstedt, L\u00fcbeck<\/td>\n<\/tr>\n<tr>\n<td>2022<\/td>\n<td>Dr. sc. hum. Marie Christine K\u00f6berlein, M\u00fcnchen<\/td>\n<\/tr>\n<tr>\n<td>2021<\/td>\n<td>Dr. med. Sebastian Dippold, Bad Kreuznach<\/td>\n<\/tr>\n<tr>\n<td>2020<\/td>\n<td>nicht vergeben<\/td>\n<\/tr>\n<tr>\n<td>2019<\/td>\n<td>Dr. med. Frederike Stahl, Bonn (1. Preis) &#8211; Dr. med. Marie-Anne Kainz, M\u00fcnchen (2. Preis) &#8211; Dr. med. Anne Katrin L\u00e4\u00dfig, Mainz (3. Preis)<\/td>\n<\/tr>\n<\/table>\n","protected":false},"excerpt":{"rendered":"<p>Die Praxis Goldschmidt in Diepholz steht mitten im Alltag der fach\u00e4rztlichen Grundversorgung f\u00fcr die Phoniatrie und P\u00e4daudiologie sowie die Hals-Nasen-Ohrenheilkunde. F\u00fcr das beste Poster der DGPP-Jahrestagung haben die Dres. med. Goldschmidt erstmals im Jahr 2019 den mit 1000\u20ac dotierten Goldschmidt-Posterpreis ausgelobt, der nicht an ein spezielles Thema gebunden ist. Es werden ausschlie\u00dflich Beitr\u00e4ge in Betracht <a href=\"https:\/\/dgpp.de\/de\/preise-und-auszeichnungen\/goldschmidt-posterpreis\/\" class=\"more-link\"> &#8230; weiterlesen<\/a><\/p>\n","protected":false},"author":1,"featured_media":0,"parent":350,"menu_order":0,"comment_status":"closed","ping_status":"closed","template":"","meta":{"_links_to":"","_links_to_target":""},"_links":{"self":[{"href":"https:\/\/dgpp.de\/de\/wp-json\/wp\/v2\/pages\/1027"}],"collection":[{"href":"https:\/\/dgpp.de\/de\/wp-json\/wp\/v2\/pages"}],"about":[{"href":"https:\/\/dgpp.de\/de\/wp-json\/wp\/v2\/types\/page"}],"author":[{"embeddable":true,"href":"https:\/\/dgpp.de\/de\/wp-json\/wp\/v2\/users\/1"}],"replies":[{"embeddable":true,"href":"https:\/\/dgpp.de\/de\/wp-json\/wp\/v2\/comments?post=1027"}],"version-history":[{"count":19,"href":"https:\/\/dgpp.de\/de\/wp-json\/wp\/v2\/pages\/1027\/revisions"}],"predecessor-version":[{"id":2881,"href":"https:\/\/dgpp.de\/de\/wp-json\/wp\/v2\/pages\/1027\/revisions\/2881"}],"up":[{"embeddable":true,"href":"https:\/\/dgpp.de\/de\/wp-json\/wp\/v2\/pages\/350"}],"wp:attachment":[{"href":"https:\/\/dgpp.de\/de\/wp-json\/wp\/v2\/media?parent=1027"}],"curies":[{"name":"wp","href":"https:\/\/api.w.org\/{rel}","templated":true}]}}